{"id":141,"date":"2016-01-06T07:01:53","date_gmt":"2016-01-06T07:01:53","guid":{"rendered":"http:\/\/www.frenchfarmhouseholiday.com\/?page_id=141"},"modified":"2026-01-09T12:14:58","modified_gmt":"2026-01-09T11:14:58","slug":"details-du-gite","status":"publish","type":"page","link":"https:\/\/frenchfarmhouseholiday.com\/fr\/details-du-gite\/","title":{"rendered":"D\u00e9tails du g\u00eete"},"content":{"rendered":"<p>Un h\u00e9bergement ind\u00e9pendant tr\u00e8s confortable et bien \u00e9quip\u00e9, un g\u00eete r\u00e9cemment r\u00e9nov\u00e9 (2015) avec salle de bains et piscine de luxe situ\u00e9 au nord du P\u00e9rigord Noir, au c\u0153ur de la Dordogne.<\/p>\n<p>La grange vieille de 200 ans, a \u00e9t\u00e9 magnifiquement convertie en g\u00eete priv\u00e9 de 2 chambres pouvant accueillir 5 (max) personnes, avec un espace de vie d\u00e9cloisonn\u00e9 et un coin cuisine bien \u00e9quip\u00e9. La piscine priv\u00e9e chauff\u00e9e de 8&#215;5 m\u00e8tres se trouve sur le flanc d&#8217;une colline avec une vue imprenable sur la vall\u00e9e en direction du village de St Laurent des Batons.<\/p>\n<p>La propri\u00e9t\u00e9 est \u00e0 quelques minutes des vall\u00e9es de la Dordogne et de la V\u00e9z\u00e8re. 10 km au sud de Vergt et 24 km au nord de Le Bugue avec leurs nombreuses attractions touristiques, march\u00e9s hebdomadaires et s\u00e9lection de supermarch\u00e9s.<\/p>\n<h3>\u00c0 l&#8217;int\u00e9rieur<\/h3>\n<p><a href=\"http:\/\/www.frenchfarmhouseholiday.com\/wp-content\/uploads\/2016\/06\/kitchen3.jpg\"><img loading=\"lazy\" decoding=\"async\" class=\"alignright size-medium wp-image-263\" src=\"https:\/\/www.frenchfarmhouseholiday.com\/wp-content\/uploads\/2016\/06\/kitchen3-300x225.jpg\" alt=\"kitchen3\" width=\"300\" height=\"225\" srcset=\"https:\/\/frenchfarmhouseholiday.com\/fr\/wp-content\/uploads\/2016\/06\/kitchen3-300x225.jpg 300w, https:\/\/frenchfarmhouseholiday.com\/fr\/wp-content\/uploads\/2016\/06\/kitchen3-768x576.jpg 768w, https:\/\/frenchfarmhouseholiday.com\/fr\/wp-content\/uploads\/2016\/06\/kitchen3-1024x768.jpg 1024w, https:\/\/frenchfarmhouseholiday.com\/fr\/wp-content\/uploads\/2016\/06\/kitchen3.jpg 2000w\" sizes=\"auto, (max-width: 300px) 100vw, 300px\" \/><\/a><\/p>\n<p>En tant que personnes qui aiment la bonne nourriture et la cuisine, nous avons fourni tout ce que nous esp\u00e9rons trouver dans une toute nouvelle cuisine \u00e9quip\u00e9e enti\u00e8rement \u00e9quip\u00e9e &#8211; cuisini\u00e8re pleine grandeur, micro-ondes, r\u00e9frig\u00e9rateur et cong\u00e9lateur s\u00e9par\u00e9, lave-vaisselle, robot culinaire, couteaux de cuisinier, plats de service, bouilloire , th\u00e9i\u00e8re et tous les ustensiles de cuisine. Il y a aussi une machine \u00e0 laver, fer et planche \u00e0 repasser.<\/p>\n<p>T\u00e9l\u00e9viseur HD \u00e0 \u00e9cran plat moderne de 49 pouces, t\u00e9l\u00e9vision par satellite (avec toutes les cha\u00eenes anglaises gratuites) et DVD. Nous disposons d&#8217;une connexion fibre optique haut d\u00e9bit jusqu&#8217;\u00e0 500 Mo\/s avec Wi-Fi. La couverture mobile 4G est \u00e9galement bonne.<\/p>\n<p>Pour minimiser la quantit\u00e9 de bagages que vous devez apporter, en particulier pour ceux qui volent, tous les draps et serviettes sont fournis et inclus dans le prix, y compris les serviettes de piscine.<\/p>\n<p><a href=\"http:\/\/www.frenchfarmhouseholiday.com\/wp-content\/uploads\/2016\/04\/lounge.jpg\"><img loading=\"lazy\" decoding=\"async\" class=\"size-medium wp-image-243 alignright\" src=\"https:\/\/www.frenchfarmhouseholiday.com\/wp-content\/uploads\/2016\/04\/lounge-225x300.jpg\" alt=\"lounge\" width=\"225\" height=\"300\" srcset=\"https:\/\/frenchfarmhouseholiday.com\/fr\/wp-content\/uploads\/2016\/04\/lounge-225x300.jpg 225w, https:\/\/frenchfarmhouseholiday.com\/fr\/wp-content\/uploads\/2016\/04\/lounge-768x1024.jpg 768w, https:\/\/frenchfarmhouseholiday.com\/fr\/wp-content\/uploads\/2016\/04\/lounge.jpg 1500w\" sizes=\"auto, (max-width: 225px) 100vw, 225px\" \/><\/a><\/p>\n<p>Il y a un climatiseur mobile dans la chambre \u00e0 l&#8217;\u00e9tage du g\u00eete et un ventilateur de plafond dans la chambre au rez-de-chauss\u00e9e. Des ventilateurs sont \u00e9galement fournis dans chaque chambre. Gr\u00e2ce aux murs \u00e9pais, le g\u00eete reste frais pendant les chaleurs de l&#8217;\u00e9t\u00e9.<\/p>\n<p>Fumeurs: dans un souci de s\u00e9curit\u00e9 et de confort des compagnons \/ invit\u00e9s suivants, nous vous prions de bien vouloir vous abstenir de fumer \u00e0 l&#8217;int\u00e9rieur du g\u00eete.<\/p>\n<p>Un extincteur et une couverture anti-feu sont fournis dans la cuisine et des d\u00e9tecteurs de fum\u00e9e sont install\u00e9s.<\/p>\n<h3>\u00c0 l&#8217;ext\u00e9rieur<\/h3>\n<p>La piscine chauff\u00e9e et priv\u00e9e \u00e0 l&#8217;usage exclusif de nos clients, est de 8x5m et 1,4m de profondeur avec des marches offrant un acc\u00e8s facile et est en plein soleil pendant la majeure partie de la journ\u00e9e avec vue sur la vall\u00e9e et le village de St Laurent des Batons. Il est conforme \u00e0 toutes les r\u00e9glementations fran\u00e7aises en mati\u00e8re de s\u00e9curit\u00e9 des piscines et, pour plus de s\u00e9curit\u00e9 et de tranquillit\u00e9 d&#8217;esprit, la piscine est entour\u00e9e de terrasses et situ\u00e9e dans une piscine enti\u00e8rement cl\u00f4tur\u00e9e.<\/p>\n<p><a href=\"http:\/\/www.frenchfarmhouseholiday.com\/wp-content\/uploads\/2016\/04\/pool.jpg\"><img loading=\"lazy\" decoding=\"async\" class=\"alignright size-medium wp-image-260\" src=\"https:\/\/www.frenchfarmhouseholiday.com\/wp-content\/uploads\/2016\/04\/pool-300x225.jpg\" alt=\"pool\" width=\"300\" height=\"225\" srcset=\"https:\/\/frenchfarmhouseholiday.com\/fr\/wp-content\/uploads\/2016\/04\/pool-300x225.jpg 300w, https:\/\/frenchfarmhouseholiday.com\/fr\/wp-content\/uploads\/2016\/04\/pool-768x576.jpg 768w, https:\/\/frenchfarmhouseholiday.com\/fr\/wp-content\/uploads\/2016\/04\/pool-1024x768.jpg 1024w, https:\/\/frenchfarmhouseholiday.com\/fr\/wp-content\/uploads\/2016\/04\/pool.jpg 2000w\" sizes=\"auto, (max-width: 300px) 100vw, 300px\" \/><\/a><\/p>\n<p>Notre piscine est une piscine chlor\u00e9e traditionnelle, v\u00e9rifi\u00e9e et entretenue quotidiennement, pour assurer le confort des baigneurs et chauff\u00e9e pour vous en faire profiter la plupart des saisons. Nous avons \u00e9galement un bain \u00e0 remous pouvant accueillir 4 personnes.<\/p>\n<p>Il y a une douche chauff\u00e9e \u00e0 l&#8217;\u00e9nergie solaire, et nous vous demandons de bien vouloir utiliser la douche avant d&#8217;entrer dans la piscine.<\/p>\n<p>Bien que la piscine et le bain \u00e0 remous soient cl\u00f4tur\u00e9s pour se conformer \u00e0 la l\u00e9gislation fran\u00e7aise, votre s\u00e9curit\u00e9 reste de votre responsabilit\u00e9 et les enfants doivent \u00eatre surveill\u00e9s par un adulte \u00e0 tout moment.<\/p>\n<p>Tout l&#8217;entretien de la piscine est effectu\u00e9 par Dean. Vous \u00eates en vacances &#8211; vous n&#8217;avez rien \u00e0 faire \u00e0 moins que vous ne le vouliez vraiment.<\/p>\n<p>Parking priv\u00e9 hors rue.<\/p>\n<p>Il y a une vue imprenable sur la campagne environnante depuis le g\u00eete, la terrasse et la piscine. Le jardin \u00e9tabli autour de la grange est \u00e0 l&#8217;usage exclusif des invit\u00e9s du g\u00eete, avec quelques arbres offrant de l&#8217;ombre.<\/p>\n<p><a href=\"http:\/\/www.frenchfarmhouseholiday.com\/wp-content\/uploads\/2016\/01\/pool-view.jpg\"><img loading=\"lazy\" decoding=\"async\" class=\"alignright size-medium wp-image-266\" src=\"https:\/\/www.frenchfarmhouseholiday.com\/wp-content\/uploads\/2016\/01\/pool-view-300x225.jpg\" alt=\"pool-view\" width=\"300\" height=\"225\" srcset=\"https:\/\/frenchfarmhouseholiday.com\/fr\/wp-content\/uploads\/2016\/01\/pool-view-300x225.jpg 300w, https:\/\/frenchfarmhouseholiday.com\/fr\/wp-content\/uploads\/2016\/01\/pool-view-768x576.jpg 768w, https:\/\/frenchfarmhouseholiday.com\/fr\/wp-content\/uploads\/2016\/01\/pool-view-1024x768.jpg 1024w, https:\/\/frenchfarmhouseholiday.com\/fr\/wp-content\/uploads\/2016\/01\/pool-view.jpg 2000w\" sizes=\"auto, (max-width: 300px) 100vw, 300px\" \/><\/a><\/p>\n<p>Un certain entretien du jardin (oui, tonte et arrosage) sera n\u00e9cessaire pendant votre s\u00e9jour &#8211; mais nous nous efforcerons de le faire pendant vos d\u00e9placements.<\/p>\n<p>Nous sommes entour\u00e9s de champs ouverts et de bois &#8211; excellents pour une promenade en soir\u00e9e.<\/p>\n<p>Il y a beaucoup de meubles de jardin et de mat\u00e9riel de barbecue.<\/p>\n<p>Des chaises longues, des parasols, une table et des chaises sont disponibles au bord de la piscine. Le g\u00eete dispose d&#8217;une grande terrasse avec barbecue \u00e0 charbon, table et chaises en bois.<\/p>\n<p>Le g\u00eete dispose d&#8217;un excellent signal mobile 4G et d&#8217;un acc\u00e8s Wi-Fi. Il y a beaucoup de livres, couvrant un large \u00e9ventail de go\u00fbts &#8211; donc m\u00eame si vous n&#8217;utilisez pas de Kindle &#8211; vous pouvez voyager l\u00e9ger.<\/p>\n<p>Pendant la saison, toutes les arriv\u00e9es se font le samedi. Nous pouvons \u00eatre un peu plus flexibles en dehors de la haute saison &#8211; il suffit de demander.<\/p>\n<p>Dean et Debra, les propri\u00e9taires britanniques, vivent discr\u00e8tement sur place.<\/p>\n<p>Vous pouvez <a href=\"https:\/\/www.frenchfarmhouseholiday.com\/fr\/nouveau-formulaire-de-reservation\/\">r\u00e9server vos vacances en utilisant notre formulaire pratique<\/a>, <a href=\"https:\/\/www.frenchfarmhouseholiday.com\/fr\/tarifs-et-disponibilites\/\">consulter nos prix et disponibilit\u00e9s<\/a> ou <a href=\"https:\/\/www.frenchfarmhouseholiday.com\/fr\/information-additionnelle\/\">vous pouvez trouver plus d&#8217;informations ici<\/a>.<\/p>\n","protected":false},"excerpt":{"rendered":"<p>Un h\u00e9bergement ind\u00e9pendant tr\u00e8s confortable et bien \u00e9quip\u00e9, un g\u00eete r\u00e9cemment r\u00e9nov\u00e9 (2015) avec salle de bains et piscine de luxe situ\u00e9 au nord du P\u00e9rigord Noir, au c\u0153ur de la Dordogne. La grange vieille de 200 ans, a \u00e9t\u00e9 magnifiquement convertie en g\u00eete priv\u00e9 de 2 chambres pouvant accueillir 5 (max) personnes, avec un &hellip; <a href=\"https:\/\/frenchfarmhouseholiday.com\/fr\/details-du-gite\/\" class=\"more-link\">Continue reading <span class=\"screen-reader-text\">D\u00e9tails du g\u00eete<\/span> <span class=\"meta-nav\">&rarr;<\/span><\/a><\/p>\n","protected":false},"author":2,"featured_media":0,"parent":0,"menu_order":0,"comment_status":"open","ping_status":"open","template":"","meta":{"footnotes":""},"class_list":["post-141","page","type-page","status-publish","hentry"],"_links":{"self":[{"href":"https:\/\/frenchfarmhouseholiday.com\/fr\/wp-json\/wp\/v2\/pages\/141","targetHints":{"allow":["GET"]}}],"collection":[{"href":"https:\/\/frenchfarmhouseholiday.com\/fr\/wp-json\/wp\/v2\/pages"}],"about":[{"href":"https:\/\/frenchfarmhouseholiday.com\/fr\/wp-json\/wp\/v2\/types\/page"}],"author":[{"embeddable":true,"href":"https:\/\/frenchfarmhouseholiday.com\/fr\/wp-json\/wp\/v2\/users\/2"}],"replies":[{"embeddable":true,"href":"https:\/\/frenchfarmhouseholiday.com\/fr\/wp-json\/wp\/v2\/comments?post=141"}],"version-history":[{"count":19,"href":"https:\/\/frenchfarmhouseholiday.com\/fr\/wp-json\/wp\/v2\/pages\/141\/revisions"}],"predecessor-version":[{"id":514,"href":"https:\/\/frenchfarmhouseholiday.com\/fr\/wp-json\/wp\/v2\/pages\/141\/revisions\/514"}],"wp:attachment":[{"href":"https:\/\/frenchfarmhouseholiday.com\/fr\/wp-json\/wp\/v2\/media?parent=141"}],"curies":[{"name":"wp","href":"https:\/\/api.w.org\/{rel}","templated":true}]}}