{"id":144,"date":"2016-01-31T07:33:30","date_gmt":"2016-01-31T06:33:30","guid":{"rendered":"http:\/\/www.frenchfarmhouseholiday.com\/?page_id=144"},"modified":"2026-01-23T11:49:52","modified_gmt":"2026-01-23T10:49:52","slug":"tarifs-et-disponibilites","status":"publish","type":"page","link":"https:\/\/frenchfarmhouseholiday.com\/fr\/tarifs-et-disponibilites\/","title":{"rendered":"Tarifs et disponibilit\u00e9s"},"content":{"rendered":"<div class='wpbc_only_calendar wpbc_container'><div id='calendar_booking_unselectable1'><\/div><span ><div style=\"clear:both;height:10px;\"><\/div><div class=\"wpbc_calendar_wraper wpbc_change_over_triangle wpbc_calendar_skin_legacy\"><style type=\"text\/css\" rel=\"stylesheet\" >.hasDatepick .datepick-inline .datepick-title-row th,.hasDatepick .datepick-inline .datepick-days-cell,.hasDatepick .datepick-inline .wpbc-cell-box{ max-height: 40px; }<\/style><div class=\"wpbc_cal_container bk_calendar_frame months_num_in_row_3 cal_month_num_6 wpbc_timeslot_day_bg_as_available\" style=\"width:100%;max-width:100%;\"><div id=\"calendar_booking1\"  class=\"wpbc_calendar_id_1\" >\t<div class=\"calendar_loader_frame calendar_loader_frame1\"\r\n\t\tdata-wpbc-rid=\"1\"\r\n\t\tdata-wpbc-grace=\"8000\"\r\n\t\tstyle=\"--wpbc-loader-cols: 6;\"\r\n\t>\r\n\t\t<div class=\"calendar_loader_text\">Loading...<\/div>\r\n\t\t<div class=\"calendar_loader_frame__progress_line_container\">\r\n\t\t\t<div class=\"calendar_loader_frame__progress_line\"><\/div>\r\n\t\t<\/div>\r\n\t<\/div>\r\n\t<\/div><\/div><textarea id=\"date_booking1\" name=\"date_booking1\" autocomplete=\"off\" style=\"display:none;\"><\/textarea><div class=\"block_hints datepick \"><div class=\"wpdev_hint_with_text\"><div class=\"\"><div class=\"datepick-inline wpbc_calendar_legend_table_width_height\"><table class=\"datepick wpbc_calendar\" style=\"\"><tbody><tr><td class=\"datepick-days-cell date_available wpbc_calendar_legend_day_cell_height\"><div class=\"wpbc-cell-box\">\t<div class=\"date-cell-content\">\t\t<div class=\"date-content-top\"><\/div>\t\t<a>&nbsp;<\/a>\t\t<div class=\"date-content-bottom\"><\/div>\t<\/div><\/div><\/td><\/tr><\/tbody><\/table><\/div><\/div><div class=\"block_text\">- <\/div><div class=\"block_text\">Available<\/div><\/div><div class=\"wpdev_hint_with_text\"><div class=\"\"><div class=\"datepick-inline wpbc_calendar_legend_table_width_height\"><table class=\"datepick wpbc_calendar\" style=\"\"><tbody><tr><td class=\"datepick-days-cell datepick-unselectable date_user_unavailable full_day_booking date_approved wpbc_calendar_legend_day_cell_height\"><div class=\"wpbc-cell-box\">\t<div class=\"date-cell-content\">\t\t<div class=\"date-content-top\"><\/div>\t\t<span>&nbsp;<\/span>\t\t<div class=\"date-content-bottom\"><\/div>\t<\/div><\/div><\/td><\/tr><\/tbody><\/table><\/div><\/div><div class=\"block_text\">- <\/div><div class=\"block_text\">Booked<\/div><\/div><div class=\"wpdev_hint_with_text\"><div class=\"\"><div class=\"datepick-inline wpbc_calendar_legend_table_width_height\"><table class=\"datepick wpbc_calendar\" style=\"\"><tbody><tr><td class=\"datepick-days-cell datepick-unselectable date_user_unavailable full_day_booking date2approve wpbc_calendar_legend_day_cell_height\"><div class=\"wpbc-cell-box\">\t<div class=\"date-cell-content\">\t\t<div class=\"date-content-top\"><\/div>\t\t<span>&nbsp;<\/span>\t\t<div class=\"date-content-bottom\"><\/div>\t<\/div><\/div><\/td><\/tr><\/tbody><\/table><\/div><\/div><div class=\"block_text\">- <\/div><div class=\"block_text\">Pending<\/div><\/div><div class=\"wpdev_hint_with_text\"><div class=\"\"><span class=\" wpbc_timeslot_day_bg_as_available wpbc_change_over_triangle\"><div class=\"datepick-inline wpbc_calendar_legend_table_width_height\"><table class=\"datepick wpbc_calendar\" style=\"\"><tbody><tr><td class=\"datepick-days-cell date_available date_approved timespartly check_in_time check_in_time_date_approved wpbc_calendar_legend_day_cell_height\"><div class=\"wpbc-cell-box\">\t<div class=\"wpbc-diagonal-el\">\t\t<div class=\"wpbc-co-out\"><svg height=\"100%\" width=\"100%\" viewBox=\"0 0 100 100\" preserveAspectRatio=\"none\"><polygon points=\"0,0 0,99 99,0\"><\/polygon><polygon points=\"0,0 0,100 49,100 49,0\"><\/polygon><\/svg><\/div>\t\t<div class=\"wpbc-co-in\"><svg height=\"100%\" width=\"100%\" viewBox=\"0 0 98 98\" preserveAspectRatio=\"none\"><polygon points=\"0,99 99,99 99,0\"><\/polygon><polygon points=\"50,98 98,98 98,0 50,0\"><\/polygon><\/svg><\/div>\t<\/div>\t<div class=\"date-cell-content\">\t\t<div class=\"date-content-top\"><div class=\"wpbc_time_dots\">\u00b7<\/div><\/div>\t\t<a>&nbsp;<\/a>\t\t<div class=\"date-content-bottom\"><\/div>\t<\/div><\/div><\/td><\/tr><\/tbody><\/table><\/div><\/span><\/div><div class=\"block_text\">- <\/div><div class=\"block_text\">Partially booked<\/div><\/div><\/div><\/div> <\/span><\/div>\n<h3>Tarifs 2025<\/h3>\n<p>Tous les prix s&#8217;entendent pour une semaine, r\u00e9servation du samedi 16h00 au samedi suivant 10h00.<\/p>\n<p><a href=\"https:\/\/frenchfarmhouseholiday.com\/fr\/reservation-directe\/\">Pour r\u00e9server votre s\u00e9jour, utilisez notre formulaire de r\u00e9servation pratique<\/a>.<\/p>\n<table border=\"1\" width=\"260\">\n<tbody>\n<tr style=\"background-color: #b5f3ed;\">\n<td style=\"text-align: center;\">Commencer<\/td>\n<td style=\"text-align: center;\">Fin<\/td>\n<td style=\"text-align: center;\">Pounds (UK)<\/td>\n<td style=\"text-align: center;\">Euros<\/td>\n<\/tr>\n<tr>\n<td style=\"text-align: center;\">23\/05\/26<\/td>\n<td style=\"text-align: center;\">30\/05\/26<\/td>\n<td style=\"text-align: center;\">\u00a3800.00<\/td>\n<td style=\"text-align: center;\">\u20ac 900.00<\/td>\n<\/tr>\n<tr style=\"background-color: #dcdcdc;\">\n<td style=\"text-align: center;\">30\/05\/26<\/td>\n<td style=\"text-align: center;\">06\/06\/26<\/td>\n<td style=\"text-align: center;\">\u00a3850.00<\/td>\n<td style=\"text-align: center;\">\u20ac 950.00<\/td>\n<\/tr>\n<tr>\n<td style=\"text-align: center;\">06\/06\/26<\/td>\n<td style=\"text-align: center;\">13\/06\/26<\/td>\n<td style=\"text-align: center;\">\u00a3850.00<\/td>\n<td style=\"text-align: center;\">\u20ac 950.00<\/td>\n<\/tr>\n<tr style=\"background-color: #dcdcdc;\">\n<td style=\"text-align: center;\">13\/06\/26<\/td>\n<td style=\"text-align: center;\">20\/06\/26<\/td>\n<td style=\"text-align: center;\">\u00a3850.00<\/td>\n<td style=\"text-align: center;\">\u20ac 950.00<\/td>\n<\/tr>\n<tr>\n<td style=\"text-align: center;\">20\/06\/26<\/td>\n<td style=\"text-align: center;\">27\/06\/26<\/td>\n<td style=\"text-align: center;\">\u00a3850.00<\/td>\n<td style=\"text-align: center;\">\u20ac 950.00<\/td>\n<\/tr>\n<tr style=\"background-color: #dcdcdc;\">\n<td style=\"text-align: center;\">27\/06\/26<\/td>\n<td style=\"text-align: center;\">04\/07\/26<\/td>\n<td style=\"text-align: center;\">\u00a31,150.00<\/td>\n<td style=\"text-align: center;\">\u20ac 1,225.00<\/td>\n<\/tr>\n<tr>\n<td style=\"text-align: center;\">04\/07\/26<\/td>\n<td style=\"text-align: center;\">11\/07\/26<\/td>\n<td style=\"text-align: center;\">\u00a31,150.00<\/td>\n<td style=\"text-align: center;\">\u20ac 1,225.00<\/td>\n<\/tr>\n<tr style=\"background-color: #dcdcdc;\">\n<td style=\"text-align: center;\">11\/07\/26<\/td>\n<td style=\"text-align: center;\">18\/07\/26<\/td>\n<td style=\"text-align: center;\">\u00a31,300.00<\/td>\n<td style=\"text-align: center;\">\u20ac 1,500.00<\/td>\n<\/tr>\n<tr>\n<td style=\"text-align: center;\">18\/07\/26<\/td>\n<td style=\"text-align: center;\">25\/07\/26<\/td>\n<td style=\"text-align: center;\">\u00a31,300.00<\/td>\n<td style=\"text-align: center;\">\u20ac 1,500.00<\/td>\n<\/tr>\n<tr style=\"background-color: #dcdcdc;\">\n<td style=\"text-align: center;\">25\/07\/26<\/td>\n<td style=\"text-align: center;\">01\/08\/26<\/td>\n<td style=\"text-align: center;\">\u00a31,300.00<\/td>\n<td style=\"text-align: center;\">\u20ac 1,500.00<\/td>\n<\/tr>\n<tr>\n<td style=\"text-align: center;\">01\/08\/26<\/td>\n<td style=\"text-align: center;\">08\/08\/26<\/td>\n<td style=\"text-align: center;\">\u00a31,300.00<\/td>\n<td style=\"text-align: center;\">\u20ac 1,500.00<\/td>\n<\/tr>\n<tr style=\"background-color: #dcdcdc;\">\n<td style=\"text-align: center;\">08\/08\/26<\/td>\n<td style=\"text-align: center;\">15\/08\/26<\/td>\n<td style=\"text-align: center;\">\u00a31,300.00<\/td>\n<td style=\"text-align: center;\">\u20ac 1,500.00<\/td>\n<\/tr>\n<tr>\n<td style=\"text-align: center;\">15\/08\/26<\/td>\n<td style=\"text-align: center;\">22\/08\/26<\/td>\n<td style=\"text-align: center;\">\u00a31,300.00<\/td>\n<td style=\"text-align: center;\">\u20ac 1,500.00<\/td>\n<\/tr>\n<tr style=\"background-color: #dcdcdc;\">\n<td style=\"text-align: center;\">22\/08\/26<\/td>\n<td style=\"text-align: center;\">29\/08\/26<\/td>\n<td style=\"text-align: center;\">\u00a31,150.00<\/td>\n<td style=\"text-align: center;\">\u20ac 1,225.00<\/td>\n<\/tr>\n<tr>\n<td style=\"text-align: center;\">29\/08\/26<\/td>\n<td style=\"text-align: center;\">05\/09\/26<\/td>\n<td style=\"text-align: center;\">\u00a3850.00<\/td>\n<td style=\"text-align: center;\">\u20ac 950.00<\/td>\n<\/tr>\n<tr style=\"background-color: #dcdcdc;\">\n<td style=\"text-align: center;\">05\/09\/26<\/td>\n<td style=\"text-align: center;\">12\/09\/26<\/td>\n<td style=\"text-align: center;\">\u00a3800.00<\/td>\n<td style=\"text-align: center;\">\u20ac 900.00<\/td>\n<\/tr>\n<tr>\n<td style=\"text-align: center;\">12\/09\/26<\/td>\n<td style=\"text-align: center;\">19\/09\/26<\/td>\n<td style=\"text-align: center;\">\u00a3800.00<\/td>\n<td style=\"text-align: center;\">\u20ac 900.00<\/td>\n<\/tr>\n<tr style=\"background-color: #dcdcdc;\">\n<td style=\"text-align: center;\">19\/09\/26<\/td>\n<td style=\"text-align: center;\">26\/09\/26<\/td>\n<td style=\"text-align: center;\">\u00a3800.00<\/td>\n<td style=\"text-align: center;\">\u20ac 900.00<\/td>\n<\/tr>\n<tr>\n<td style=\"text-align: center;\">26\/09\/26<\/td>\n<td style=\"text-align: center;\">03\/10\/26<\/td>\n<td style=\"text-align: center;\">\u00a3800.00<\/td>\n<td style=\"text-align: center;\">\u20ac 900.00<\/td>\n<\/tr>\n<tr style=\"background-color: #dcdcdc;\">\n<td style=\"text-align: center;\">03\/10\/26<\/td>\n<td style=\"text-align: center;\">10\/10\/26<\/td>\n<td style=\"text-align: center;\">\u00a3800.00<\/td>\n<td style=\"text-align: center;\">\u20ac 900.00<\/td>\n<\/tr>\n<tr>\n<td style=\"text-align: center;\">10\/10\/26<\/td>\n<td style=\"text-align: center;\">17\/10\/26<\/td>\n<td style=\"text-align: center;\">\u00a3800.00<\/td>\n<td style=\"text-align: center;\">\u20ac 900.00<\/td>\n<\/tr>\n<tr style=\"background-color: #dcdcdc;\">\n<td style=\"text-align: center;\">17\/10\/26<\/td>\n<td style=\"text-align: center;\">24\/10\/26<\/td>\n<td style=\"text-align: center;\">\u00a3800.00<\/td>\n<td style=\"text-align: center;\">\u20ac 900.00<\/td>\n<\/tr>\n<tr style=\"background-color: #dcdcdc;\">\n<td style=\"text-align: center;\">24\/10\/26<\/td>\n<td style=\"text-align: center;\">31\/10\/26<\/td>\n<td style=\"text-align: center;\">\u00a3800.00<\/td>\n<td style=\"text-align: center;\">\u20ac 900.00<\/td>\n<\/tr>\n<\/tbody>\n<\/table>\n<h3><\/h3>\n<h3>Taxe de sejour<\/h3>\n<p>Attention: pour la premi\u00e8re fois dans notre r\u00e9gion, la taxe de s\u00e9jour est pr\u00e9lev\u00e9e. La taxe est d\u00e9j\u00e0 due dans la majeure partie de la France et de l&#8217;Europe dans tous les types de logements de vacances, des appartements aux campings en h\u00f4tels cinq \u00e9toiles.<\/p>\n<p>Pour notre g\u00eete, la charge est de 1,10 \u20ac par adulte &#8211; c&#8217;est-\u00e0-dire toute personne de 18 ans et plus &#8211; par jour, et est payable sur place \u00e0 la fin de votre s\u00e9jour. Cela ne peut pas \u00eatre inclus dans nos prix, car il varie en fonction de la composition de votre groupe, et nous devons en tenir compte s\u00e9par\u00e9ment au fisc.<\/p>\n<h3>D\u00e9p\u00f4t de s\u00e9curit\u00e9<\/h3>\n<p>Un d\u00e9p\u00f4t de s\u00e9curit\u00e9\u00a0remboursable de 300 \u00a3 par s\u00e9jour est payable avec le paiement int\u00e9gral, 6 semaines avant l&#8217;arriv\u00e9e.<\/p>\n<p>Pour toute demande ou pour r\u00e9server votre s\u00e9jour, utilisez notre formulaire de r\u00e9servation pratique.<a href=\"https:\/\/frenchfarmhouseholiday.com\/fr\/reservation-directe\/\">Formulaire de reservation<\/a><\/p>\n<p><a href=\"https:\/\/www.frenchfarmhouseholiday.com\/fr\/conditions-de-reservation\/\">Vous pouvez voir nos conditions de r\u00e9servation ici<\/a>.<\/p>\n","protected":false},"excerpt":{"rendered":"<p>Tarifs 2025 Tous les prix s&#8217;entendent pour une semaine, r\u00e9servation du samedi 16h00 au samedi suivant 10h00. Pour r\u00e9server votre s\u00e9jour, utilisez notre formulaire de r\u00e9servation pratique. Commencer Fin Pounds (UK) Euros 23\/05\/26 30\/05\/26 \u00a3800.00 \u20ac 900.00 30\/05\/26 06\/06\/26 \u00a3850.00 \u20ac 950.00 06\/06\/26 13\/06\/26 \u00a3850.00 \u20ac 950.00 13\/06\/26 20\/06\/26 \u00a3850.00 \u20ac 950.00 20\/06\/26 27\/06\/26 \u00a3850.00 &hellip; <a href=\"https:\/\/frenchfarmhouseholiday.com\/fr\/tarifs-et-disponibilites\/\" class=\"more-link\">Continue reading <span class=\"screen-reader-text\">Tarifs et disponibilit\u00e9s<\/span> <span class=\"meta-nav\">&rarr;<\/span><\/a><\/p>\n","protected":false},"author":2,"featured_media":0,"parent":0,"menu_order":0,"comment_status":"open","ping_status":"open","template":"","meta":{"footnotes":""},"class_list":["post-144","page","type-page","status-publish","hentry"],"_links":{"self":[{"href":"https:\/\/frenchfarmhouseholiday.com\/fr\/wp-json\/wp\/v2\/pages\/144","targetHints":{"allow":["GET"]}}],"collection":[{"href":"https:\/\/frenchfarmhouseholiday.com\/fr\/wp-json\/wp\/v2\/pages"}],"about":[{"href":"https:\/\/frenchfarmhouseholiday.com\/fr\/wp-json\/wp\/v2\/types\/page"}],"author":[{"embeddable":true,"href":"https:\/\/frenchfarmhouseholiday.com\/fr\/wp-json\/wp\/v2\/users\/2"}],"replies":[{"embeddable":true,"href":"https:\/\/frenchfarmhouseholiday.com\/fr\/wp-json\/wp\/v2\/comments?post=144"}],"version-history":[{"count":30,"href":"https:\/\/frenchfarmhouseholiday.com\/fr\/wp-json\/wp\/v2\/pages\/144\/revisions"}],"predecessor-version":[{"id":519,"href":"https:\/\/frenchfarmhouseholiday.com\/fr\/wp-json\/wp\/v2\/pages\/144\/revisions\/519"}],"wp:attachment":[{"href":"https:\/\/frenchfarmhouseholiday.com\/fr\/wp-json\/wp\/v2\/media?parent=144"}],"curies":[{"name":"wp","href":"https:\/\/api.w.org\/{rel}","templated":true}]}}