{"id":146,"date":"2016-01-07T05:41:13","date_gmt":"2016-01-07T05:41:13","guid":{"rendered":"http:\/\/www.frenchfarmhouseholiday.com\/?page_id=146"},"modified":"2026-01-23T11:52:16","modified_gmt":"2026-01-23T10:52:16","slug":"reservation","status":"publish","type":"page","link":"https:\/\/frenchfarmhouseholiday.com\/fr\/reservation\/","title":{"rendered":"R\u00e9servation"},"content":{"rendered":"<p>Apr\u00e8s avoir v\u00e9rifi\u00e9 <a href=\"http:\/\/www.frenchfarmhouseholiday.com\/fr\/tarifs-et-disponibilites\/\">le calendrier des disponibilit\u00e9s<\/a>, <a href=\"https:\/\/frenchfarmhouseholiday.com\/fr\/reservation-directe\/\">vous pouvez utiliser notre formulaire de r\u00e9servation<\/a> pour nous contacter concernant les dates qui vous int\u00e9ressent.<\/p>\n<p>Nous confirmerons les d\u00e9tails de votre r\u00e9servation par e-mail avec une ventilation des co\u00fbts totaux et les dates auxquelles l&#8217;acompte et les paiements finaux sont dus et vous enverrons le formulaire de r\u00e9servation \u00e0 remplir.<\/p>\n<p>Le formulaire de r\u00e9servation et l&#8217;acompte de 25% doivent \u00eatre retourn\u00e9s dans les 7 jours. Nous ne pouvons nous engager \u00e0 maintenir des r\u00e9servations provisoires au-del\u00e0 de cette p\u00e9riode. La poste de premi\u00e8re classe prend normalement 2 ou 3 jours depuis le Royaume-Uni ou nous acceptons les virements bancaires ou PayPal (y compris des frais d&#8217;administration appropri\u00e9s pour couvrir les co\u00fbts de PayPal). Demandez simplement des d\u00e9tails.<\/p>\n<p><strong>Toutes les arriv\u00e9es se font le samedi apr\u00e8s 16h. Les d\u00e9parts se font le samedi \u00e0 10h.<\/strong><\/p>\n<p>D\u00e9p\u00f4t de garantie et le reste du co\u00fbt de vos vacances est d\u00fb 6 semaines avant votre arriv\u00e9e.<\/p>\n<p>En dehors de la haute saison, des courts s\u00e9jours \/ longs week-ends peuvent \u00eatre disponibles &#8211; <a href=\"http:\/\/www.frenchfarmhouseholiday.com\/fr\/contact-us\/\">contactez-nous pour plus d&#8217;informations et les prix.<\/a><\/p>\n<p><a href=\"http:\/\/www.frenchfarmhouseholiday.com\/fr\/booking-conditions\/\">Vous trouverez ici plus d&#8217;informations sur les conditions de votre r\u00e9servation<\/a>.<\/p>\n<p><em>Si vous cherchez une propri\u00e9t\u00e9 plus grande, nous pouvons vous recommander les g\u00eetes sur <a href=\"http:\/\/www.giteswithapool.com\">www.giteswithapool.com<\/a> car ils sont g\u00e9r\u00e9s par des amis proches &#8211; et ceux qui nous ont aid\u00e9s \u00e0 arriver en France!<\/em><\/p>\n","protected":false},"excerpt":{"rendered":"<p>Apr\u00e8s avoir v\u00e9rifi\u00e9 le calendrier des disponibilit\u00e9s, vous pouvez utiliser notre formulaire de r\u00e9servation pour nous contacter concernant les dates qui vous int\u00e9ressent. Nous confirmerons les d\u00e9tails de votre r\u00e9servation par e-mail avec une ventilation des co\u00fbts totaux et les dates auxquelles l&#8217;acompte et les paiements finaux sont dus et vous enverrons le formulaire de &hellip; <a href=\"https:\/\/frenchfarmhouseholiday.com\/fr\/reservation\/\" class=\"more-link\">Continue reading <span class=\"screen-reader-text\">R\u00e9servation<\/span> <span class=\"meta-nav\">&rarr;<\/span><\/a><\/p>\n","protected":false},"author":2,"featured_media":0,"parent":0,"menu_order":0,"comment_status":"open","ping_status":"open","template":"","meta":{"footnotes":""},"class_list":["post-146","page","type-page","status-publish","hentry"],"_links":{"self":[{"href":"https:\/\/frenchfarmhouseholiday.com\/fr\/wp-json\/wp\/v2\/pages\/146","targetHints":{"allow":["GET"]}}],"collection":[{"href":"https:\/\/frenchfarmhouseholiday.com\/fr\/wp-json\/wp\/v2\/pages"}],"about":[{"href":"https:\/\/frenchfarmhouseholiday.com\/fr\/wp-json\/wp\/v2\/types\/page"}],"author":[{"embeddable":true,"href":"https:\/\/frenchfarmhouseholiday.com\/fr\/wp-json\/wp\/v2\/users\/2"}],"replies":[{"embeddable":true,"href":"https:\/\/frenchfarmhouseholiday.com\/fr\/wp-json\/wp\/v2\/comments?post=146"}],"version-history":[{"count":10,"href":"https:\/\/frenchfarmhouseholiday.com\/fr\/wp-json\/wp\/v2\/pages\/146\/revisions"}],"predecessor-version":[{"id":521,"href":"https:\/\/frenchfarmhouseholiday.com\/fr\/wp-json\/wp\/v2\/pages\/146\/revisions\/521"}],"wp:attachment":[{"href":"https:\/\/frenchfarmhouseholiday.com\/fr\/wp-json\/wp\/v2\/media?parent=146"}],"curies":[{"name":"wp","href":"https:\/\/api.w.org\/{rel}","templated":true}]}}