{"id":148,"date":"2016-01-07T05:42:43","date_gmt":"2016-01-07T05:42:43","guid":{"rendered":"http:\/\/www.frenchfarmhouseholiday.com\/?page_id=148"},"modified":"2023-04-10T08:12:12","modified_gmt":"2023-04-10T06:12:12","slug":"conditions-de-reservation","status":"publish","type":"page","link":"https:\/\/frenchfarmhouseholiday.com\/fr\/conditions-de-reservation\/","title":{"rendered":"Conditions de r\u00e9servation"},"content":{"rendered":"<h3>D\u00e9p\u00f4t<\/h3>\n<p>Un acompte de 25% est payable \u00e0 la confirmation de votre r\u00e9servation avec le d\u00e9p\u00f4t de garantie de 300 \u20ac. Cela doit \u00eatre retourn\u00e9 dans les 7 jours pour confirmer la r\u00e9servation. Nous n&#8217;acceptons que les virements bancaires ou les paiements via PayPal (y compris des frais d&#8217;administration pour leurs services).<\/p>\n<h3>R\u00e8glement de la totalit\u00e9<\/h3>\n<p>Le paiement int\u00e9gral est d\u00fb 60 jours avant votre date d&#8217;arriv\u00e9e. Si cela n&#8217;est pas re\u00e7u \u00e0 la date d&#8217;\u00e9ch\u00e9ance, nous nous r\u00e9servons le droit de rechercher une autre r\u00e9servation, les frais d&#8217;annulation entrant alors en vigueur.<\/p>\n<h3>Taxe de sejour<\/h3>\n<p>Pour la premi\u00e8re fois dans notre r\u00e9gion, la taxe de s\u00e9jour dite \u00abtaxe de s\u00e9jour\u00bb est pr\u00e9lev\u00e9e. La taxe est d\u00e9j\u00e0 due dans la majeure partie de la France et de l&#8217;Europe dans tous les types de logements de vacances, des appartements aux campings en h\u00f4tels cinq \u00e9toiles.<\/p>\n<p>Pour notre g\u00eete, la charge est de 1,10 \u20ac par adulte &#8211; c&#8217;est-\u00e0-dire toute personne de 18 ans et plus &#8211; par jour, et est payable sur place \u00e0 la fin de votre s\u00e9jour. Cela ne peut pas \u00eatre inclus dans nos prix, car il varie en fonction de la composition de votre groupe, et nous devons en tenir compte s\u00e9par\u00e9ment au fisc.<\/p>\n<h3>Annulation<\/h3>\n<p>Si vous devez annuler votre r\u00e9servation pour une raison quelconque, les frais suivants seront \u00e0 payer. Les frais sont bas\u00e9s sur le co\u00fbt du s\u00e9jour de base sans les services suppl\u00e9mentaires.<\/p>\n<ul>\n<li>Plus de 60 jours &#8211; nous vous rembourserons 100% du montant pay\u00e9<\/li>\n<li>Entre 30 et 60 jours ou moins &#8211; nous rembourserons 50% du montant pay\u00e9, \u00e0 moins que nous ne puissions relouer la propri\u00e9t\u00e9, lorsque nous rembourserons tout paiement au niveau de la r\u00e9servation suivante<\/li>\n<li>Moins de 30 jours &#8211; aucun remboursement, sauf si nous pouvons relouer la propri\u00e9t\u00e9, lorsque nous rembourserons tout paiement au niveau de la r\u00e9servation suivante<\/li>\n<\/ul>\n<h3>D\u00e9p\u00f4t de s\u00e9curit\u00e9 remboursable<\/h3>\n<p>Un d\u00e9p\u00f4t de garantie remboursable de 300 \u20ac est payable avec le d\u00e9p\u00f4t de 25 %.<\/p>\n<p>Nous nous r\u00e9servons le droit de vous facturer tous les frais relatifs au g\u00eete laiss\u00e9 excessivement sale, les bris ou les dommages \u00e0 la structure mat\u00e9rielle de la propri\u00e9t\u00e9 (g\u00eete et piscine).<\/p>\n<p>Le d\u00e9p\u00f4t sera rembours\u00e9 au d\u00e9part moins toutes les d\u00e9ductions pour les articles \u00e9num\u00e9r\u00e9s ci-dessus.<\/p>\n<p>Ce n&#8217;est pas destin\u00e9 \u00e0 \u00eatre un moyen sournois d&#8217;augmenter le co\u00fbt de vos vacances et nous esp\u00e9rons que nous n&#8217;aurons jamais \u00e0 percevoir de tels frais, sauf dans des circonstances exceptionnelles.<\/p>\n<h3>Responsabilit\u00e9<\/h3>\n<p>Nous ne pouvons \u00eatre tenus responsables de la s\u00e9curit\u00e9 personnelle et de la s\u00e9curit\u00e9 des invit\u00e9s (ou de leurs effets personnels) dans nos locaux ou en utilisant des articles fournis par nous-m\u00eames. Vous restez responsable de votre propre s\u00e9curit\u00e9 personnelle \u00e0 tout moment. Les enfants doivent \u00eatre surveill\u00e9s par un adulte en tout temps, en particulier dans et autour de la piscine.<\/p>\n<p>Vous \u00eates responsable de tout dommage \u00e0 la propri\u00e9t\u00e9 car nous ne pouvons pas r\u00e9clamer sous notre assurance les dommages caus\u00e9s par les clients. Il est donc imp\u00e9ratif de souscrire une assurance personnelle qui vous couvre en cas de dommages accidentels et d&#8217;accidents personnels et de responsabilit\u00e9 civile. Nous nous r\u00e9servons le droit de demander une copie de votre assurance responsabilit\u00e9 civile personnelle.<\/p>\n<h3>Occupation<\/h3>\n<p>Le g\u00eete est tarif\u00e9 par semaine, quel que soit le nombre d&#8217;occupants. Seul le nombre de personnes indiqu\u00e9 sur le formulaire de r\u00e9servation peut occuper la propri\u00e9t\u00e9, m\u00eame si l&#8217;occupation maximale n&#8217;est pas atteinte. L&#8217;occupation maximale de la propri\u00e9t\u00e9 est de cinq (5) personnes. Le nombre maximum ne doit en aucun cas \u00eatre d\u00e9pass\u00e9.<\/p>\n<h3>Animaux domestiques<\/h3>\n<p>Les chiens, chats ou autres animaux domestiques <strong>ne sont pas autoris\u00e9s dans le g\u00eete<\/strong> car nous devons garder le g\u00eete aussi hypoallerg\u00e9nique que possible pour les clients qui peuvent souffrir d&#8217;allergies aux poils d&#8217;animaux ou aux squames.<\/p>\n<h3>Comportement<\/h3>\n<p>Si nous consid\u00e9rons votre comportement comme inacceptable, nous nous r\u00e9servons le droit de vous demander de quitter le g\u00eete. Aucun remboursement ne sera effectu\u00e9.<\/p>\n<h3>Nettoyage du g\u00eete<\/h3>\n<p>Veuillez laisser le g\u00eete tel que vous le trouvez. Vous pouvez \u00e9galement profiter du service de m\u00e9nage de fin de s\u00e9jour &#8211; <a href=\"https:\/\/www.frenchfarmhouseholiday.com\/fr\/additional-information\/\">voir informations compl\u00e9mentaires<\/a>.<\/p>\n<p>Veuillez v\u00e9rifier attentivement tous les d\u00e9tails.<\/p>\n<p><a href=\"https:\/\/www.frenchfarmhouseholiday.com\/fr\/nouveau-formulaire-de-reservation\/\">Vous pouvez r\u00e9server vos vacances en utilisant notre formulaire pratique<\/a>.<\/p>\n<p>&nbsp;<\/p>\n","protected":false},"excerpt":{"rendered":"<p>D\u00e9p\u00f4t Un acompte de 25% est payable \u00e0 la confirmation de votre r\u00e9servation avec le d\u00e9p\u00f4t de garantie de 300 \u20ac. Cela doit \u00eatre retourn\u00e9 dans les 7 jours pour confirmer la r\u00e9servation. Nous n&#8217;acceptons que les virements bancaires ou les paiements via PayPal (y compris des frais d&#8217;administration pour leurs services). R\u00e8glement de la &hellip; <a href=\"https:\/\/frenchfarmhouseholiday.com\/fr\/conditions-de-reservation\/\" class=\"more-link\">Continue reading <span class=\"screen-reader-text\">Conditions de r\u00e9servation<\/span> <span class=\"meta-nav\">&rarr;<\/span><\/a><\/p>\n","protected":false},"author":2,"featured_media":0,"parent":0,"menu_order":0,"comment_status":"open","ping_status":"open","template":"","meta":{"footnotes":""},"class_list":["post-148","page","type-page","status-publish","hentry"],"_links":{"self":[{"href":"https:\/\/frenchfarmhouseholiday.com\/fr\/wp-json\/wp\/v2\/pages\/148","targetHints":{"allow":["GET"]}}],"collection":[{"href":"https:\/\/frenchfarmhouseholiday.com\/fr\/wp-json\/wp\/v2\/pages"}],"about":[{"href":"https:\/\/frenchfarmhouseholiday.com\/fr\/wp-json\/wp\/v2\/types\/page"}],"author":[{"embeddable":true,"href":"https:\/\/frenchfarmhouseholiday.com\/fr\/wp-json\/wp\/v2\/users\/2"}],"replies":[{"embeddable":true,"href":"https:\/\/frenchfarmhouseholiday.com\/fr\/wp-json\/wp\/v2\/comments?post=148"}],"version-history":[{"count":12,"href":"https:\/\/frenchfarmhouseholiday.com\/fr\/wp-json\/wp\/v2\/pages\/148\/revisions"}],"predecessor-version":[{"id":458,"href":"https:\/\/frenchfarmhouseholiday.com\/fr\/wp-json\/wp\/v2\/pages\/148\/revisions\/458"}],"wp:attachment":[{"href":"https:\/\/frenchfarmhouseholiday.com\/fr\/wp-json\/wp\/v2\/media?parent=148"}],"curies":[{"name":"wp","href":"https:\/\/api.w.org\/{rel}","templated":true}]}}