{"id":150,"date":"2016-01-07T05:45:41","date_gmt":"2016-01-07T05:45:41","guid":{"rendered":"http:\/\/www.frenchfarmhouseholiday.com\/?page_id=150"},"modified":"2026-01-09T12:07:06","modified_gmt":"2026-01-09T11:07:06","slug":"information-additionnelle","status":"publish","type":"page","link":"https:\/\/frenchfarmhouseholiday.com\/fr\/information-additionnelle\/","title":{"rendered":"Information additionnelle"},"content":{"rendered":"<h3>Informations g\u00e9n\u00e9rales<\/h3>\n<p>Pack linge de maison &#8211; inclus dans le prix global: du linge de maison et des serviettes seront fournis pour la deuxi\u00e8me semaine de votre s\u00e9jour.<\/p>\n<p>Par lit:<\/p>\n<ul>\n<li>1 duvet couverture + duvet (couette)<\/li>\n<li>1 drap housse<\/li>\n<li>2 taies d&#8217;oreiller (4 pour un lit double)<\/li>\n<\/ul>\n<p>Paquet de draps par personne pour salle de bain et piscine &#8211; inclus dans le prix global:<\/p>\n<ul>\n<li>1 drap de bain<\/li>\n<li>1 Essuie-mains<\/li>\n<li>1 drap de plage<\/li>\n<\/ul>\n<p>Deux torchons sont \u00e9galement fournis pour le coin cuisine.<\/p>\n<h3>Nettoyage du g\u00eete<\/h3>\n<p>Veuillez laisser le g\u00eete tel que vous le trouvez. Alternativement, vous pouvez profiter de notre service de nettoyage de fin de s\u00e9jour. Vous pouvez r\u00e9server \u00e0 l&#8217;avance ou organiser localement \u00e0 l&#8217;arriv\u00e9e.<\/p>\n<p><strong>Les frais de nettoyage sont de 50 \u20ac par s\u00e9jour \u00e0 payer sur place.<\/strong><\/p>\n<h3>Les autres informations<\/h3>\n<p>Les d\u00e9tails des attractions et activit\u00e9s locales sont disponibles aupr\u00e8s de Dean et Debra ou dans les brochures et d\u00e9pliants du g\u00eete.<\/p>\n<p>Il y a un climatiseur dans la chambre \u00e0 l&#8217;\u00e9tage du g\u00eete. La chambre en bas dispose d&#8217;un ventilateur de plafond et des ventilateurs sont disponibles dans les deux chambres.<\/p>\n<h3>Animaux non admis<\/h3>\n<p>Nous appliquons une politique stricte d&#8217;interdiction des animaux de compagnie afin de prendre en compte les \u00e9ventuelles allergies de nos clients.<\/p>\n<h3>D\u00e9p\u00f4t de S\u00e9curit\u00e9<\/h3>\n<p>Un d\u00e9p\u00f4t de s\u00e9curit\u00e9 remboursable de 300 \u20ac est payable avec le paiement int\u00e9gral, 60 jours avant l&#8217;arriv\u00e9e.<\/p>\n<p><a href=\"http:\/\/www.frenchfarmhouseholiday.com\/fr\/conditions-de-reservation\/\">Plus d&#8217;informations sont disponibles dans nos conditions de r\u00e9servation.<\/a><\/p>\n<h3>Taxe de sejour<\/h3>\n<p>Pour la premi\u00e8re fois dans notre r\u00e9gion, la taxe de s\u00e9jour dite \u00abtaxe de s\u00e9jour\u00bb est pr\u00e9lev\u00e9e. La taxe est d\u00e9j\u00e0 due dans la majeure partie de la France et de l&#8217;Europe dans tous les types de logements de vacances, des appartements aux campings en h\u00f4tels cinq \u00e9toiles.<\/p>\n<p>Pour notre g\u00eete, la charge est de 1,10 \u20ac par adulte &#8211; c&#8217;est-\u00e0-dire toute personne de 18 ans et plus &#8211; par jour, et est payable sur place \u00e0 la fin de votre s\u00e9jour. Cela ne peut pas \u00eatre inclus dans nos prix, car il varie en fonction de la composition de votre groupe, et nous devons en tenir compte s\u00e9par\u00e9ment au fisc.<\/p>\n<p>&nbsp;<\/p>\n<p><em>Si vous cherchez une propri\u00e9t\u00e9 plus grande, nous pouvons vous recommander les g\u00eetes sur <a href=\"http:\/\/www.giteswithapool.com\">www.giteswithapool.com<\/a> car ils sont g\u00e9r\u00e9s par des amis proches &#8211; et ceux qui nous ont aid\u00e9s \u00e0 arriver en France!<\/em><\/p>\n","protected":false},"excerpt":{"rendered":"<p>Informations g\u00e9n\u00e9rales Pack linge de maison &#8211; inclus dans le prix global: du linge de maison et des serviettes seront fournis pour la deuxi\u00e8me semaine de votre s\u00e9jour. Par lit: 1 duvet couverture + duvet (couette) 1 drap housse 2 taies d&#8217;oreiller (4 pour un lit double) Paquet de draps par personne pour salle de &hellip; <a href=\"https:\/\/frenchfarmhouseholiday.com\/fr\/information-additionnelle\/\" class=\"more-link\">Continue reading <span class=\"screen-reader-text\">Information additionnelle<\/span> <span class=\"meta-nav\">&rarr;<\/span><\/a><\/p>\n","protected":false},"author":2,"featured_media":0,"parent":0,"menu_order":0,"comment_status":"open","ping_status":"open","template":"","meta":{"footnotes":""},"class_list":["post-150","page","type-page","status-publish","hentry"],"_links":{"self":[{"href":"https:\/\/frenchfarmhouseholiday.com\/fr\/wp-json\/wp\/v2\/pages\/150","targetHints":{"allow":["GET"]}}],"collection":[{"href":"https:\/\/frenchfarmhouseholiday.com\/fr\/wp-json\/wp\/v2\/pages"}],"about":[{"href":"https:\/\/frenchfarmhouseholiday.com\/fr\/wp-json\/wp\/v2\/types\/page"}],"author":[{"embeddable":true,"href":"https:\/\/frenchfarmhouseholiday.com\/fr\/wp-json\/wp\/v2\/users\/2"}],"replies":[{"embeddable":true,"href":"https:\/\/frenchfarmhouseholiday.com\/fr\/wp-json\/wp\/v2\/comments?post=150"}],"version-history":[{"count":10,"href":"https:\/\/frenchfarmhouseholiday.com\/fr\/wp-json\/wp\/v2\/pages\/150\/revisions"}],"predecessor-version":[{"id":513,"href":"https:\/\/frenchfarmhouseholiday.com\/fr\/wp-json\/wp\/v2\/pages\/150\/revisions\/513"}],"wp:attachment":[{"href":"https:\/\/frenchfarmhouseholiday.com\/fr\/wp-json\/wp\/v2\/media?parent=150"}],"curies":[{"name":"wp","href":"https:\/\/api.w.org\/{rel}","templated":true}]}}