{"id":153,"date":"2016-01-07T05:50:37","date_gmt":"2016-01-07T05:50:37","guid":{"rendered":"http:\/\/www.frenchfarmhouseholiday.com\/?page_id=153"},"modified":"2020-06-19T07:04:18","modified_gmt":"2020-06-19T05:04:18","slug":"informations-locales","status":"publish","type":"page","link":"https:\/\/frenchfarmhouseholiday.com\/fr\/informations-locales\/","title":{"rendered":"Informations locales"},"content":{"rendered":"<p>Vous vous demandez la r\u00e9gion? <a href=\"https:\/\/www.telegraph.co.uk\/travel\/destinations\/europe\/france\/dordogne\/articles\/dordogne-attractions\/\">Jetez un \u0153il \u00e0 cet article du <em>Telegraph<\/em> sur la Dordogne<\/a>. Cet article ne fait qu&#8217;\u00e9gratigner la surface. Chaque endroit mentionn\u00e9 est dans les 10 minutes \u00e0 environ une heure de nous. Nous sommes situ\u00e9s au milieu de la carte. Qu&#8217;est-ce qui pourrait \u00eatre mieux?<\/p>\n<p>Il y a tellement de choses \u00e0 faire &#8211; de nombreux visiteurs reviennent dans ce domaine, comme nous l&#8217;avons fait, maintes et maintes fois.<\/p>\n<p>La Dordogne offre quelque chose pour tout le monde!<\/p>\n<h3>Pour les \u00e9nergiques<\/h3>\n<p>Des possibilit\u00e9s illimit\u00e9es pour la marche, l&#8217;\u00e9quitation, le v\u00e9lo, le cano\u00eb et la p\u00eache ou simplement pour se d\u00e9tendre au bord de la piscine ou sur les rives des nombreux lacs et rivi\u00e8res.<\/p>\n<p>Le cano\u00eb-kayak &#8211; 20 minutes &#8211; est une activit\u00e9 incontournable sur la Dordogne ou la V\u00e9z\u00e8re<\/p>\n<p>Superbe pays de randonn\u00e9e, avec des cartes d\u00e9taill\u00e9es disponibles \u00e0 l&#8217;Office de Tourisme montrant les itin\u00e9raires balis\u00e9s.<\/p>\n<p>Golf &#8211; 30 min (27 kms) des parcours de golf 18 trous du Golf de la Marterie \u00e0 Saint F\u00e9lix de Reilhac. Nous le d\u00e9crivons comme \u00abgolf millionnaires\u00bb car il n&#8217;y a presque personne sur le parcours. Avec un autre parcours 18 trous \u00e0 P\u00e9rigueux, Golf de P\u00e9rigueux (35 kms). www.guidesdesgolfs.fr<\/p>\n<p>P\u00eache &#8211; 5 minutes Ticket journ\u00e9e et demi-journ\u00e9e de p\u00eache disponibles dans plusieurs lacs locaux. Par exemple, Ch\u00e2teau Lanquais est un bel endroit avec un lac offrant la p\u00eache et la baignade surveill\u00e9e des plages de sable fin, ainsi que des services de restauration et de toilettes. Une journ\u00e9e pour toute la famille. Vous serez \u00e9tonn\u00e9 de voir ce que nous avons vu pris dans les lacs et les rivi\u00e8res locaux.<\/p>\n<p>Plage &#8211; 20 minutes &#8211; une plage surveill\u00e9e, avec location de cano\u00ebs et un restaurant et un kiosque de glaces. Il y a deux centres de sports nautiques, tous deux \u00e0 moins de 30 minutes.<\/p>\n<p>Randonn\u00e9e \u00e0 poney &#8211; 15 minutes (15 km)<\/p>\n<p>Quad &#8211; 25 minutes<\/p>\n<p>Parcs a\u00e9riens &#8211; 50 minutes &#8211; parcourez les arbres et testez votre t\u00eate pour les hauteurs www.appel-de-la-foret.com<\/p>\n<p>Beaux jardins &#8211; trop nombreux pour les mentionner en d\u00e9tail: jardins d&#8217;Eyrignac et jardins suspendus de Marqueyssac.<\/p>\n<p>Des centaines d&#8217;ann\u00e9es d&#8217;histoire &#8211; Grottes pr\u00e9historiques, ch\u00e2teaux, vignobles, villages fortifi\u00e9s.<\/p>\n<p>Excellent shopping &#8211; Profitez du shopping de mani\u00e8re locale sur l&#8217;un des nombreux march\u00e9s locaux organis\u00e9s tous les jours de la semaine tout au long de l&#8217;\u00e9t\u00e9. Il existe \u00e9galement de nombreux march\u00e9s nocturnes qui combinent shopping et restauration. Pour vos besoins quotidiens, il existe \u00e9galement de nombreuses possibilit\u00e9s de shopping au Bugue, Vergt, Bergerac et la capitale r\u00e9gionale P\u00e9rigueux.<\/p>\n<p>Le P\u00e9rigord Noir est le c\u0153ur de la Dordogne offrant une vari\u00e9t\u00e9 de paysages, des ch\u00e2teaux flamboyants et le centre de l&#8217;histoire pr\u00e9historique. Toutes les principales attractions sont facilement accessibles &#8211; ce n&#8217;est qu&#8217;un avant-go\u00fbt:<\/p>\n<p>Sarlat &#8211; capitale du P\u00e9rigord Noir, la Dordogne classique. Une belle ville m\u00e9di\u00e9vale.<\/p>\n<p>P\u00e9rigueux &#8211; en P\u00e9rigord Blanc, la capitale du d\u00e9partement a une belle vieille ville, des vestiges romains, des boutiques, un march\u00e9 quotidien et une cuisine raffin\u00e9e.<\/p>\n<p>La Roque-Gageac &#8211; consid\u00e9r\u00e9 comme l&#8217;un des plus beaux villages de France.<\/p>\n<p>Ch\u00e2teaux de Beynac et Castelnaud &#8211; de beaux exemples remontant \u00e0 l&#8217;origine \u00e0 la guerre de 100 ans entre la France et l&#8217;Angleterre.<\/p>\n<p>Les Eyzies &#8211; commun\u00e9ment connue comme la capitale pr\u00e9historique du monde, avec de nombreuses grottes peintes et un site du patrimoine mondial.<\/p>\n<p>Grottes de Lascaux (pr\u00e8s de Montignac) &#8211; les grottes de renomm\u00e9e mondiale d\u00e9couvertes en 1940.<\/p>\n<p>Le Bugue &#8211; il y a un aquarium, un village recr\u00e9\u00e9, du cano\u00eb, plusieurs grottes.<\/p>\n<p>Limeuil &#8211; confluent de la Dordogne et de la V\u00e9z\u00e8re, domin\u00e9 par un beau village. Consid\u00e9r\u00e9 avec La Roque comme l&#8217;un des plus beaux villages de France. A seulement 20 minutes de St Laurent des Batons! Nous avons 8 des 150 plus beaux villages de France \u00e0 notre porte.<\/p>\n<p><a href=\"https:\/\/www.les-plus-beaux-villages-de-france.org\/fr\/nos-villages\/?locality_id=3021042&amp;latitude=45.12735&amp;longitude=0.73504&amp;latitude_min=&amp;latitude_max=&amp;longitude_min=&amp;longitude_max=&amp;locality=Dordogne%2C+France&amp;thematic=&amp;offset=0\" target=\"_blank\" rel=\"noopener noreferrer\">Voir Les plus Beaux Villages de France.<\/a><\/p>\n<p>Bastides &#8211; Vergt, Lalinde, Monpazier, Eymet. Lalinde propose de nombreuses activit\u00e9s nocturnes en ao\u00fbt. Lanquais &#8211; ch\u00e2teau et lac offrant baignade et p\u00eache (voir ci-dessus).<\/p>\n<h3>Gastronomie et vin<\/h3>\n<p>La Dordogne est c\u00e9l\u00e8bre pour sa cuisine &#8211; truffes, foie gras, canard, noix et fraises. Il y a de nombreux restaurants \u00e0 moins de 20 minutes de St Laurent des Baton, allant d&#8217;une humble auberge jusqu&#8217;\u00e0 une \u00e9toile Michelin. Nous sommes heureux de faire des recommandations et des r\u00e9servations pour vous.<\/p>\n<p>Les march\u00e9s nocturnes, appel\u00e9s \u00abmarche nocturne\u00bb, ont lieu la plupart des soirs de la semaine en haute saison et sont situ\u00e9s dans certains des endroits les plus pittoresques. Une marche nocturne est une soir\u00e9e de nourriture, de boisson et souvent de musique live.<\/p>\n<h3>Vignobles<\/h3>\n<p>Les vignobles de Bergerac, Bordeaux et St Emilion sont facilement accessibles. Le P\u00e9rigord Violet est \u00e0 nos portes, connu comme la r\u00e9gion violette en raison du grand nombre de vignobles.<\/p>\n<p>Les vignobles de Bergerac, dont Pecharmant et Montbazillac, proposent une tr\u00e8s bonne s\u00e9lection de vins locaux, souvent bon march\u00e9.<\/p>\n<p>Nous pouvons vous orienter vers ce que nous consid\u00e9rons (apr\u00e8s de nombreuses recherches) certains des meilleurs vins de la r\u00e9gion, pour des d\u00e9gustations et des achats directs.<\/p>\n<h3>Autres informations et o\u00f9 en savoir plus<\/h3>\n<p>Ces sites Web peuvent vous aider \u00e0 planifier votre s\u00e9jour:<\/p>\n<p><a href=\"https:\/\/www.guide-du-perigord.com\/fr\/\" target=\"_blank\" rel=\"noopener noreferrer\">www.guide-du-perigord.com\/fr\/<\/a><\/p>\n<p><a href=\"http:\/\/www.dordogne-perigord-tourisme.fr\/\" target=\"_blank\" rel=\"noopener noreferrer\">www.dordogne-perigord-tourisme.fr<\/a><\/p>\n<p><a href=\"https:\/\/www.france.fr\/fr\/vallee-de-la-dordogne\" target=\"_blank\" rel=\"noopener noreferrer\">www.france.fr\/fr\/vallee-de-la-dordogne<\/a><\/p>\n<p><a href=\"http:\/\/www.sites-en-perigord.com\" target=\"_blank\" rel=\"noopener noreferrer\">www.sites-en-perigord.com<\/a> (donne des d\u00e9tails sur certaines des principales attractions touristiques)<\/p>\n<p><a href=\"https:\/\/www.perigorddecouverte.com\/index.php\" target=\"_blank\" rel=\"noopener noreferrer\">www.perigorddecouverte.com<\/a><\/p>\n<p><a href=\"https:\/\/www.sarlat-tourisme.com\/\" target=\"_blank\" rel=\"noopener noreferrer\">www.sarlat-tourisme.com<\/a><\/p>\n<p><a href=\"https:\/\/www.tourisme-grandperigueux.fr\/?lang=fr\" target=\"_blank\" rel=\"noopener noreferrer\">www.tourisme-perigueux.fr<\/a><\/p>\n<p><a href=\"http:\/\/www.bergerac-tourisme.com\/spip.php?page=sommaire&amp;lang=en\" target=\"_blank\" rel=\"noopener noreferrer\">www.bergerac-tourisme.com<\/a><\/p>\n<h3>Office de tourisme local<\/h3>\n<p>Information:<br \/>\nService Municipal du Tourisme de Sainte Alv\u00e8re (situ\u00e9 sur la rue principale \u00e0 travers Sainte Alv\u00e8re)<br \/>\nTel: 05.53.73.55.85<br \/>\nFax: 05.53.73.55.99<br \/>\nEmail : <a href=\"mailto:office-tourisme@ville-sainte-alvere.fr\" target=\"_blank\" rel=\"noopener noreferrer\">office-tourisme@ville-sainte-alvere.fr<\/a><\/p>\n","protected":false},"excerpt":{"rendered":"<p>Vous vous demandez la r\u00e9gion? Jetez un \u0153il \u00e0 cet article du Telegraph sur la Dordogne. Cet article ne fait qu&#8217;\u00e9gratigner la surface. Chaque endroit mentionn\u00e9 est dans les 10 minutes \u00e0 environ une heure de nous. Nous sommes situ\u00e9s au milieu de la carte. Qu&#8217;est-ce qui pourrait \u00eatre mieux? Il y a tellement de &hellip; <a href=\"https:\/\/frenchfarmhouseholiday.com\/fr\/informations-locales\/\" class=\"more-link\">Continue reading <span class=\"screen-reader-text\">Informations locales<\/span> <span class=\"meta-nav\">&rarr;<\/span><\/a><\/p>\n","protected":false},"author":2,"featured_media":0,"parent":0,"menu_order":0,"comment_status":"open","ping_status":"open","template":"","meta":{"footnotes":""},"class_list":["post-153","page","type-page","status-publish","hentry"],"_links":{"self":[{"href":"https:\/\/frenchfarmhouseholiday.com\/fr\/wp-json\/wp\/v2\/pages\/153","targetHints":{"allow":["GET"]}}],"collection":[{"href":"https:\/\/frenchfarmhouseholiday.com\/fr\/wp-json\/wp\/v2\/pages"}],"about":[{"href":"https:\/\/frenchfarmhouseholiday.com\/fr\/wp-json\/wp\/v2\/types\/page"}],"author":[{"embeddable":true,"href":"https:\/\/frenchfarmhouseholiday.com\/fr\/wp-json\/wp\/v2\/users\/2"}],"replies":[{"embeddable":true,"href":"https:\/\/frenchfarmhouseholiday.com\/fr\/wp-json\/wp\/v2\/comments?post=153"}],"version-history":[{"count":10,"href":"https:\/\/frenchfarmhouseholiday.com\/fr\/wp-json\/wp\/v2\/pages\/153\/revisions"}],"predecessor-version":[{"id":388,"href":"https:\/\/frenchfarmhouseholiday.com\/fr\/wp-json\/wp\/v2\/pages\/153\/revisions\/388"}],"wp:attachment":[{"href":"https:\/\/frenchfarmhouseholiday.com\/fr\/wp-json\/wp\/v2\/media?parent=153"}],"curies":[{"name":"wp","href":"https:\/\/api.w.org\/{rel}","templated":true}]}}