{"id":155,"date":"2016-01-07T06:08:26","date_gmt":"2016-01-07T06:08:26","guid":{"rendered":"http:\/\/www.frenchfarmhouseholiday.com\/?page_id=155"},"modified":"2020-06-19T07:05:38","modified_gmt":"2020-06-19T05:05:38","slug":"saint-laurent-des-batons","status":"publish","type":"page","link":"https:\/\/frenchfarmhouseholiday.com\/fr\/saint-laurent-des-batons\/","title":{"rendered":"Saint-Laurent-des-B\u00e2tons"},"content":{"rendered":"<p>Le village de Saint-Laurent-des-B\u00e2tons fait d\u00e9sormais partie des communes Val de Louyre et Caudeau, ayant rejoint les communes de Sainte Alv\u00e8re et Cendrieux il y a quelques ann\u00e9es. La rivi\u00e8re Caudeau traverse cette ville agricole avec ses vieilles b\u00e2tisses pittoresques et pleines de caract\u00e8re.<\/p>\n<p>Le nom du village est tir\u00e9 de son \u00e9glise du XIIIe si\u00e8cle, \u00e0 l&#8217;origine appel\u00e9e Sanctus Laurentius. Selon la l\u00e9gende, Saint Laurent a refus\u00e9 de renoncer aux tr\u00e9sors de l&#8217;\u00e9glise lors des pers\u00e9cutions au milieu du XIIIe si\u00e8cle. Il a \u00e9t\u00e9 br\u00fbl\u00e9 vif.<\/p>\n<p><a href=\"http:\/\/www.frenchfarmhouseholiday.com\/wp-content\/uploads\/2016\/01\/view.jpg\"><img loading=\"lazy\" decoding=\"async\" class=\"size-medium wp-image-265 alignright\" src=\"http:\/\/www.frenchfarmhouseholiday.com\/wp-content\/uploads\/2016\/01\/view-300x225.jpg\" alt=\"view\" width=\"300\" height=\"225\" srcset=\"https:\/\/frenchfarmhouseholiday.com\/fr\/wp-content\/uploads\/2016\/01\/view-300x225.jpg 300w, https:\/\/frenchfarmhouseholiday.com\/fr\/wp-content\/uploads\/2016\/01\/view-768x576.jpg 768w, https:\/\/frenchfarmhouseholiday.com\/fr\/wp-content\/uploads\/2016\/01\/view-1024x768.jpg 1024w, https:\/\/frenchfarmhouseholiday.com\/fr\/wp-content\/uploads\/2016\/01\/view.jpg 2000w\" sizes=\"auto, (max-width: 300px) 100vw, 300px\" \/><\/a><\/p>\n<p>\u00c0 l&#8217;ouest de Saint-Laurent, \u00e0 c\u00f4t\u00e9 de l&#8217;\u00e9glise gothique de Saint-Maurice, un ch\u00e2teau fort a \u00e9t\u00e9 construit au XVe si\u00e8cle, prot\u00e9g\u00e9 par des douves.<\/p>\n<p>Au XVIIIe si\u00e8cle, le village devient Saint-Laurent-de-Baston en 1730. On ne sait plus pourquoi il s&#8217;appelait \u00abBaston\u00bb car le mot n&#8217;existe pas dans le dictionnaire des Gourgues &#8211; Baston n&#8217;\u00e9tait le nom de personne en le sud.<\/p>\n<p>Selon la tradition, les p\u00e8lerins venus m\u00e9diter \u00e0 Saint-Michel-de-Villadeix y ont laiss\u00e9 un b\u00e2ton pour l&#8217;\u00e9glise Saint-Laurent &#8211; Saint-Laurent-des-B\u00e2tons signifie litt\u00e9ralement \u00abSaint-Laurent des B\u00e2tons\u00bb.<\/p>\n<p>Saint Maurice, le nom de la petite \u00e9glise et de la paroisse voisine, \u00e0 Saint-Laurent-des-B\u00e2tons, a \u00e9t\u00e9 rejoint avec Saint-Laurent au XIXe si\u00e8cle et est apparu au nom de la commune. Saint Maurice est apparu pour la premi\u00e8re fois en 1310, \u00e9crit Sanctus Mauricius. Maurice, archev\u00eaque de Lyon, a \u00e9t\u00e9 massacr\u00e9 avec d&#8217;autres chr\u00e9tiens \u00e0 la fin du IIIe si\u00e8cle ou au d\u00e9but du IVe si\u00e8cle.<\/p>\n<h3>\u00c9v\u00e9nements annuels<\/h3>\n<ul>\n<li>F\u00eate votive le deuxi\u00e8me week-end d&#8217;ao\u00fbt<\/li>\n<li>Feu de St. John&#8217;s<\/li>\n<li>F\u00eate de Saint-Maurice<\/li>\n<\/ul>\n<h3>Sentiers de randonn\u00e9e<\/h3>\n<p>La ville dispose de quatre sentiers de randonn\u00e9e:<\/p>\n<ul>\n<li>Circuit de Louillet \u00e0 9 km<\/li>\n<li>Circuit Caudeau \u00e0 8 km<\/li>\n<li>Circuit de Saint Maurice \u00e0 12 km<\/li>\n<li>Circuit de 8 km de Cantelaube<\/li>\n<\/ul>\n<p>Les d\u00e9pliants explicatifs et les cartes sont disponibles dans le guide &#8220;Promenades et Randonn\u00e9es \u00e0 la d\u00e9couverte du Terroir de la Truffe&#8221;.<\/p>\n<h3>Office de tourisme local<\/h3>\n<p>Information:<br \/>\nService Municipal du Tourisme de Sainte Alv\u00e8re (situ\u00e9 sur la rue principale \u00e0 travers Sainte Alv\u00e8re)<br \/>\nTel: 05.53.73.55.85<br \/>\nFax: 05.53.73.55.99<br \/>\nEmail : <a href=\"mailto:office-tourisme@ville-sainte-alvere.fr\" target=\"_blank\" rel=\"noopener noreferrer\">office-tourisme@ville-sainte-alvere.fr<\/a><\/p>\n","protected":false},"excerpt":{"rendered":"<p>Le village de Saint-Laurent-des-B\u00e2tons fait d\u00e9sormais partie des communes Val de Louyre et Caudeau, ayant rejoint les communes de Sainte Alv\u00e8re et Cendrieux il y a quelques ann\u00e9es. La rivi\u00e8re Caudeau traverse cette ville agricole avec ses vieilles b\u00e2tisses pittoresques et pleines de caract\u00e8re. Le nom du village est tir\u00e9 de son \u00e9glise du XIIIe &hellip; <a href=\"https:\/\/frenchfarmhouseholiday.com\/fr\/saint-laurent-des-batons\/\" class=\"more-link\">Continue reading <span class=\"screen-reader-text\">Saint-Laurent-des-B\u00e2tons<\/span> <span class=\"meta-nav\">&rarr;<\/span><\/a><\/p>\n","protected":false},"author":2,"featured_media":0,"parent":0,"menu_order":0,"comment_status":"open","ping_status":"open","template":"","meta":{"footnotes":""},"class_list":["post-155","page","type-page","status-publish","hentry"],"_links":{"self":[{"href":"https:\/\/frenchfarmhouseholiday.com\/fr\/wp-json\/wp\/v2\/pages\/155","targetHints":{"allow":["GET"]}}],"collection":[{"href":"https:\/\/frenchfarmhouseholiday.com\/fr\/wp-json\/wp\/v2\/pages"}],"about":[{"href":"https:\/\/frenchfarmhouseholiday.com\/fr\/wp-json\/wp\/v2\/types\/page"}],"author":[{"embeddable":true,"href":"https:\/\/frenchfarmhouseholiday.com\/fr\/wp-json\/wp\/v2\/users\/2"}],"replies":[{"embeddable":true,"href":"https:\/\/frenchfarmhouseholiday.com\/fr\/wp-json\/wp\/v2\/comments?post=155"}],"version-history":[{"count":7,"href":"https:\/\/frenchfarmhouseholiday.com\/fr\/wp-json\/wp\/v2\/pages\/155\/revisions"}],"predecessor-version":[{"id":389,"href":"https:\/\/frenchfarmhouseholiday.com\/fr\/wp-json\/wp\/v2\/pages\/155\/revisions\/389"}],"wp:attachment":[{"href":"https:\/\/frenchfarmhouseholiday.com\/fr\/wp-json\/wp\/v2\/media?parent=155"}],"curies":[{"name":"wp","href":"https:\/\/api.w.org\/{rel}","templated":true}]}}