{"id":157,"date":"2016-01-07T06:24:15","date_gmt":"2016-01-07T06:24:15","guid":{"rendered":"http:\/\/www.frenchfarmhouseholiday.com\/?page_id=157"},"modified":"2024-07-28T15:35:02","modified_gmt":"2024-07-28T13:35:02","slug":"comment-arriver","status":"publish","type":"page","link":"https:\/\/frenchfarmhouseholiday.com\/fr\/comment-arriver\/","title":{"rendered":"Comment arriver"},"content":{"rendered":"<h3>\r\n            \r\n            \r\n            \r\n            <a name='map1'><\/a>\r\n            \r\n            \r\n            <div class=\"wpgmza-store-locator wpgmza_sl_main_div\" data-id=\"1\">\r\n\t<div class=\"wpgmza-address-container wpgmza-form-field wpgmza_sl_query_div\">\r\n\t\t<label class=\"wpgmza-address wpgmza-form-field__label wpgmza-form-field__label--float\" data-name=\"addressLabel\" for=\"addressInput_1\">ZIP \/ Address:<\/label>\r\n\t\t<input class=\"wpgmza-address addressInput\" type=\"text\" placeholder=\"Enter a location\" autocomplete=\"off\" data-name=\"defaultAddress\" value=\"\" id=\"addressInput_1\" size=\"20\" aria-label=\"ZIP \/ Address:\">\r\n\t<\/div>\r\n\t\r\n\t<div class=\"wpgmza-keywords wpgmza-form-field wpgmza_sl_query_div\">\n\t<label data-name=\"keywordsLabel\" class=\"wpgmza-keywords wpgmza-form-field__label wpgmza-form-field__label--float wpgmza_sl_query_innerdiv1 wpgmza_name_search_string\" for=\"nameInput_1\">Title \/ Description:<\/label>\n\t<input type=\"text\" class=\"wpgmza-keywords wpgmza-text-search\" id=\"nameInput_1\" size=\"20\" aria-label=\"Title \/ Description:\">\n<\/div><div class=\"wpgmza-radius-container wpgmza-form-field wpgmza_sl_radius_div wpgmza-clearfix\">\r\n\t\t<label class=\"wpgmza-radius wpgmza-form-field__label wpgmza-form-field__label--float\" for=\"radiusSelect_1\">\r\n\t\t\tRadius:\t\t<\/label>\r\n\t\t<select class=\"wpgmza-radius wpgmza-form-field__input wpgmza_sl_radius_select\" id=\"radiusSelect_1\" aria-label=\"Radius:\"><option class=\"wpgmza-radius wpgmza_sl_select_option\" value=\"1\">1mi<\/option><option class=\"wpgmza-radius wpgmza_sl_select_option\" value=\"5\">5mi<\/option><option class=\"wpgmza-radius wpgmza_sl_select_option\" value=\"10\" selected>10mi<\/option><option class=\"wpgmza-radius wpgmza_sl_select_option\" value=\"25\">25mi<\/option><option class=\"wpgmza-radius wpgmza_sl_select_option\" value=\"50\">50mi<\/option><option class=\"wpgmza-radius wpgmza_sl_select_option\" value=\"75\">75mi<\/option><option class=\"wpgmza-radius wpgmza_sl_select_option\" value=\"100\">100mi<\/option><option class=\"wpgmza-radius wpgmza_sl_select_option\" value=\"150\">150mi<\/option><option class=\"wpgmza-radius wpgmza_sl_select_option\" value=\"200\">200mi<\/option><option class=\"wpgmza-radius wpgmza_sl_select_option\" value=\"300\">300mi<\/option><\/select>\r\n\t<\/div>\r\n\t\r\n\t<div class=\"wpgmza-category-filter-container wpgmza-form-field wpgmza_sl_category_div\">\n\t<label class=\"wpgmza-category wpgmza-form-field__label wpgmza-form-field__label--float\" for=\"wpgmza_filter_select\">\n\t\tCategory:\n\t<\/label>\n<select mid=\"1\" id=\"wpgmza_filter_select\" name=\"wpgmza_filter_select\" class=\"wpgmza-form-field__input wpgmza_filter_select_1\" aria-label=\"Category:\"><option value=\"0\">All<\/option><\/select><\/div><div class=\"wpgmza-search wpgmza_sl_search_button_div\"><input class=\"wpgmza-search wpgmza_sl_search_button_1\" value=\"Search\" type=\"button\" onclick=\"searchLocations(1)\" mid=\"1\"><\/div>\r\n\t\r\n\t<div class=\"wpgmza-reset wpgmza_sl_reset_button_div\">\n\t<input class=\"wpgmza-reset wpgmza_sl_reset_button_1\" type=\"button\" value=\"Reset\" mid=\"1\" onclick=\"resetLocations(1)\">\n<\/div><div class=\"wpgmza-no-results wpgmza-not-found-msg js-not-found-msg\" style=\"display: none;\">\r\n\t\t<p data-name=\"notFoundMessage\">No results found in this location. Please try again.<\/p>\r\n\t<\/div>\r\n<\/div>\r\n            \r\n            <div class=\"wpgmza_map \"  id=\"wpgmza_map_1\" style=\"display:block; overflow:auto; width:100%; height:600px; float:left;\" data-settings='{\"id\":\"1\",\"map_title\":\"Les Roucheloux\",\"map_width\":\"100\",\"map_height\":\"600\",\"map_start_lat\":\"44.967258\",\"map_start_lng\":\"0.743005\",\"map_start_location\":\"44.96725839452994,0.743004826660103\",\"map_start_zoom\":\"12\",\"default_marker\":\"\",\"type\":\"1\",\"alignment\":\"1\",\"directions_enabled\":\"1\",\"styling_enabled\":\"0\",\"styling_json\":\"\",\"active\":\"0\",\"kml\":\"\",\"bicycle\":\"0\",\"traffic\":\"0\",\"dbox\":\"1\",\"dbox_width\":\"250\",\"listmarkers\":\"0\",\"listmarkers_advanced\":\"0\",\"filterbycat\":\"0\",\"ugm_enabled\":\"0\",\"ugm_category_enabled\":\"0\",\"fusion\":\"\",\"map_width_type\":\"%\",\"map_height_type\":\"px\",\"mass_marker_support\":\"1\",\"ugm_access\":\"0\",\"order_markers_by\":\"1\",\"order_markers_choice\":\"2\",\"show_user_location\":\"1\",\"default_to\":\"\",\"other_settings\":{\"store_locator_enabled\":true,\"wpgmza_store_locator_restrict\":\"\",\"store_locator_distance\":true,\"store_locator_bounce\":1,\"store_locator_hide_before_search\":2,\"store_locator_use_their_location\":2,\"store_locator_name_search\":true,\"store_locator_category\":true,\"store_locator_query_string\":\"ZIP \\\/ Address:\",\"store_locator_name_string\":\"Title \\\/ Description:\",\"wpgmza_dbox_width_type\":\"px\",\"map_max_zoom\":\"3\",\"sl_stroke_color\":\"#000000\",\"sl_stroke_opacity\":\"0.25\",\"sl_fill_color\":\"#000000\",\"sl_fill_opacity\":\"0.15\",\"click_open_link\":true,\"weather_layer\":2,\"weather_layer_temp_type\":1,\"cloud_layer\":2,\"transport_layer\":false,\"wpgmza_iw_type\":\"\",\"list_markers_by\":\"0\",\"push_in_map\":\"\",\"push_in_map_placement\":\"9\",\"wpgmza_push_in_map_width\":\"\",\"wpgmza_push_in_map_height\":\"\",\"shortcodeAttributes\":{\"id\":\"1\"},\"action\":\"wpgmza_save_map\",\"redirect_to\":\"\\\/fr\\\/wp-admin\\\/admin-post.php\",\"map_id\":\"1\",\"http_referer\":\"\\\/fr\\\/wp-admin\\\/admin.php?page=wp-google-maps-menu&amp;amp;action=edit&amp;amp;map_id=1\",\"wpgmza_id\":\"1\",\"wpgmza_start_location\":\"\",\"wpgmza_start_zoom\":\"4\",\"wpgmza_theme_data\":\"[]\",\"directions_box_style\":\"default\",\"default_from\":\"\",\"directions_behaviour\":\"default\",\"force_google_directions_app\":false,\"directions_route_origin_icon\":\"https:\\\/\\\/www.frenchfarmhouseholiday.com\\\/fr\\\/wp-content\\\/plugins\\\/wp-google-maps\\\/images\\\/spotlight-poi3.png\",\"directions_origin_retina\":false,\"directions_route_destination_icon\":\"https:\\\/\\\/www.frenchfarmhouseholiday.com\\\/fr\\\/wp-content\\\/plugins\\\/wp-google-maps\\\/images\\\/spotlight-poi3.png\",\"directions_destination_retina\":false,\"directions_route_stroke_color\":\"#4f8df5\",\"directions_route_stroke_weight\":\"4\",\"directions_route_stroke_opacity\":\"0.8\",\"directions_fit_bounds_to_route\":false,\"store_locator_search_area\":\"radial\",\"wpgmza_store_locator_radius_style\":\"legacy\",\"wpgmza_store_locator_default_radius\":\"10\",\"store_locator_auto_area_max_zoom\":\"\",\"wpgmza_store_locator_position\":false,\"store_locator_show_distance\":false,\"wpgmza_store_locator_use_their_location\":false,\"wpgmza_store_locator_bounce\":false,\"upload_default_sl_marker\":\"\",\"upload_default_sl_marker_retina\":false,\"wpgmza_sl_animation\":\"0\",\"wpgmza_store_locator_hide_before_search\":false,\"store_locator_location_placeholder\":\"\",\"store_locator_default_address\":\"\",\"store_locator_not_found_message\":\"\",\"retina\":false,\"wpgmza_map_align\":\"1\",\"upload_default_ul_marker\":\"\",\"upload_default_ul_marker_retina\":false,\"jump_to_nearest_marker_on_initialization\":false,\"automatically_pan_to_users_location\":false,\"override_users_location_zoom_level\":false,\"override_users_location_zoom_levels\":\"\",\"show_distance_from_location\":false,\"map_min_zoom\":\"0\",\"fit_maps_bounds_to_markers\":false,\"fit_maps_bounds_to_markers_after_filtering\":false,\"hide_point_of_interest\":false,\"wpgmza_zoom_on_marker_click\":false,\"wpgmza_zoom_on_marker_click_slider\":\"\",\"close_infowindow_on_map_click\":false,\"disable_lightbox_images\":false,\"use_Raw_Jpeg_Coordinates\":false,\"polygon_labels\":false,\"disable_polygon_info_windows\":false,\"enable_advanced_custom_fields_integration\":false,\"enable_toolset_woocommerce_integration\":false,\"only_load_markers_within_viewport\":false,\"iw_primary_color\":\"#000000\",\"iw_accent_color\":\"#000000\",\"iw_text_color\":\"#000000\",\"wpgmza_listmarkers_by\":\"0\",\"wpgmza_marker_listing_position\":false,\"wpgmza_push_in_map\":false,\"wpgmza_push_in_map_placement\":\"1\",\"zoom_level_on_marker_listing_override\":false,\"zoom_level_on_marker_listing_click\":\"\",\"marker_listing_disable_zoom\":false,\"datatable_no_result_message\":\"\",\"remove_search_box_datables\":false,\"dataTable_pagination_style\":\"default\",\"datatable_search_string\":\"\",\"datatable_result_start\":\"\",\"datatable_result_of\":\"\",\"datatable_result_to\":\"\",\"datatable_result_total\":\"\",\"datatable_result_show\":\"\",\"datatable_result_entries\":\"\",\"wpgmza_savemap\":\"Save Map \\u00bb\",\"wpgmza_theme\":\"1\"}}' data-map-id='1' data-shortcode-attributes='{\"id\":\"1\"}'> <\/div>\r\n            \r\n               \r\n        <div style=\"display:block; width:100%;\">\r\n\t\t\t\t\r\n\t\t\t\t<div class=\"wpgmza-directions-box wpgmaps_directions_outer_div style-default\" data-map-id=\"1\" style=\"width:250px;display:none;clear:both;\" id=\"wpgmaps_directions_edit_1\">\n\t<h2 class=\"wpgmza-directions-box__title\">Get Directions<\/h2>\n\t\n\t<div class=\"wpgmza-directions-box-inner\" id=\"wpgmaps_directions_editbox_1\">\n\t\t<div class=\"wpgmza-directions-actions wpgmza-form-field\">\n\t\t\t<div class=\"wpgmza-directions__travel-mode\">\n\t\t\t\t<span class=\"wpgmza-travel-mode-option wpgmza-travel-option__selected\" data-mode=\"driving\">\n\t\t\t\t\t<img decoding=\"async\" src=\"https:\/\/frenchfarmhouseholiday.com\/fr\/wp-content\/plugins\/wp-google-maps-pro\/images\/icons\/directions_car.png\">\n\t\t\t\t<\/span>\n\t\t\t\t<span class=\"wpgmza-travel-mode-option\" data-mode=\"walking\">\n\t\t\t\t\t<img decoding=\"async\" src=\"https:\/\/frenchfarmhouseholiday.com\/fr\/wp-content\/plugins\/wp-google-maps-pro\/images\/icons\/directions_walking.png\">\n\t\t\t\t<\/span>\n\t\t\t\t<span class=\"wpgmza-travel-mode-option\" data-mode=\"transit\">\n\t\t\t\t\t<img decoding=\"async\" src=\"https:\/\/frenchfarmhouseholiday.com\/fr\/wp-content\/plugins\/wp-google-maps-pro\/images\/icons\/directions_transit.png\">\n\t\t\t\t<\/span>\n\t\t\t\t<span class=\"wpgmza-travel-mode-option\" data-mode=\"bicycling\">\n\t\t\t\t\t<img decoding=\"async\" src=\"https:\/\/frenchfarmhouseholiday.com\/fr\/wp-content\/plugins\/wp-google-maps-pro\/images\/icons\/directions_bike.png\">\n\t\t\t\t<\/span>\n\t\t\t<\/div>\n\n\t\t\t<div class=\"wpgmza-directions-locations\">\n\t\t\t\t<div class=\"wpgmza-directions-from wpgmza-form-field\">\n\n\t\t\t\t\t<i class=\"wpgmza-directions-from__icon fa fa-circle\"><\/i>\n\t\t\t\n\t\t\t\t\t<label class=\"wpgmza-form-field__label\" for=\"wpgmza_input_from_1\">\n\t\t\t\t\t\tFrom\t\t\t\t\t<\/label>\n\t\t\t\t\t\n\t\t\t\t\t<input class=\"wpgmza-address wpgmza-directions-from wpgmza-form-field__input\" type=\"text\" placeholder=\"From\" value=\"\" id=\"wpgmza_input_from_1\" aria-label=\"From\">\n\t\t\t\t\n\t\t\t\t<\/div>\n\n\t\t\t\t<div class=\"wpgmza-directions-to wpgmza-form-field wpgmaps_to_row\">\n\n\t\t\t\t\t<i class=\"wpgmza-directions-to__icon fa fas fa-map-marker\"><\/i>\n\n\t\t\t\t\t<label class=\"wpgmza-form-field__label\" for=\"wpgmza_input_to_1\">\n\t\t\t\t\t\tTo\t\t\t\t\t<\/label>\n\t\t\t\t\t<input class=\"wpgmza-address wpgmza-form-field__input wpgmza-directions-to\" type=\"text\" placeholder=\"To\" value=\"\" id=\"wpgmza_input_to_1\" aria-label=\"To\">\n\t\t\t\t<\/div>\n\t\t\t\t\n\t\t\t\t<div class=\"wpgmza-waypoint-via wpgmza-form-field wpgmza-form-field--no-pad wpgmaps_via wpgmaps_template\">\n\n\t\t\t\t\t<i class=\"wpgmza-directions-from__icon fa fa-circle\"><\/i>\n\t\t\t\t\n\t\t\t\t\t<input class=\"wpgmza-waypoint-via wpgmza-form-field__input wpgmaps_via\" type=\"text\" placeholder=\"Via\">\n\t\t\t\t\t\n\t\t\t\t\t<button href=\"javascript:%20;\" class=\"wpgmza_remove_via\">\n\t\t\t\t\t\t<i class=\"fa fa-times\"><\/i>\n\t\t\t\t\t<\/button>\n\t\t\t\t\t\n\t\t\t\t<\/div>\n\t\t\t\t\n\t\t\t\t<div class=\"wpgmza-add-waypoint wpgmza-form-field wpgmza-form-field--no-pad wpgmaps_add_waypoint\">\n\t\t\t\t\t<div class=\"wpgmaps_add_waypoint\">\n\t\t\t\t\t\t<a href=\"javascript:%20;\" class=\"wpgmaps_add_waypoint\" mapid=\"1\">\n\t\t\t\t\t\t\t<i class=\"fa fa-plus-circle\" aria-hidden=\"true\"><\/i>\n\t\t\t\t\t\t\tAdd Waypoint\t\t\t\t\t\t<\/a>\n\t\t\t\t\t<\/div>\n\t\t\t\t<\/div>\n\t\t\t<\/div>\n\n\t\t\t<div class=\"wpgmza-hidden\">\n\t\t\t<label class=\"wpgmza-travel-mode wpgmza-form-field__label\" for=\"wpgmza_dir_type_1\">\n\t\t\t\tFor\t\t\t<\/label>\n\t\t\t<select class=\"wpgmza-travel-mode wpgmza-form-field__input\" name=\"wpgmza_dir_type_1\" id=\"wpgmza_dir_type_1\" aria-label=\"For\">\n\t\t\t\t<option value=\"driving\">\n\t\t\t\t\tDriving\t\t\t\t<\/option>\n\t\t\t\t<option value=\"walking\">\n\t\t\t\t\tWalking\t\t\t\t<\/option>\n\t\t\t\t<option value=\"transit\">\n\t\t\t\t\tTransit\t\t\t\t<\/option>\n\t\t\t\t<option value=\"bicycling\">\n\t\t\t\t\tBicycling\t\t\t\t<\/option>\n\t\t\t<\/select>\n\t\t\t<\/div>\n\t\t<\/div>\n\t\t\t\n\t\t<div class=\"wpgmza-directions-options__section\">\n\t\t\t<a href=\"javascript:;\" class=\"wpgmza-show-directions-options\" id=\"wpgmza_show_options_1\" mapid=\"1\">\n\t\t\t\tshow options\t\t\t<\/a>\n\t\t\t\n\t\t\t<a href=\"javascript:;\" class=\"wpgmza-hide-directions-options\" id=\"wpgmza_hide_options_1\" mapid=\"1\">\n\t\t\t\thide options\t\t\t<\/a>\n\t\t\t\n\t\t\t<div class=\"wpgmza-directions-options wpgmza-form-field wpgmza-form-field--no-pad wpgmza_dir_options\">\n\t\t\t\t<label class=\"class\">\n\t\t\t\t\t<input type=\"checkbox\" class=\"wpgmza-avoid-tolls\" value=\"tolls\" name=\"wpgmza_tolls_1\" id=\"wpgmza_tolls_1\">\n\t\t\t\t\tAvoid Tolls\t\t\t\t<\/label>\n\t\t\t\t<label class=\"class\">\n\t\t\t\t\t<input type=\"checkbox\" class=\"wpgmza-avoid-highways\" value=\"highways\" name=\"wpgmza_highways_1\" id=\"wpgmza_highways_1\">\n\t\t\t\t\tAvoid Highways\t\t\t\t<\/label>\n\t\t\t\t<label class=\"class\">\n\t\t\t\t\t<input type=\"checkbox\" class=\"wpgmza-avoid-ferries\" value=\"ferries\" name=\"wpgmza_ferries_1\" id=\"wpgmza_ferries_1\">\n\t\t\t\t\tAvoid Ferries\t\t\t\t<\/label>\n\t\t\t<\/div>\n\t\t<\/div>\n\t\t\n\t<\/div>\n\t\n\t<div class=\"wpgmza-directions-buttons wpgmza-form-field wpgmaps_to_row\">\n\t\t<input class=\"wpgmza-get-directions wpgmaps_get_directions\" onclick=\"javascript: ;\" type=\"button\" value=\"Go\" id=\"1\">\n\t\t\n\t\t<span class=\"wpgmza-directions-result__buttons\">\n\t\t\t<a class=\"wpgmza-print-directions\" style=\"display: none;\" onclick=\"javascript: ;\" mapid=\"1\">\n\t\t\t\tPrint directions\t\t\t<\/a>\n\t\t\t\n\t\t\t<a class=\"wpgmza-reset-directions\" style=\"display: none;\" onclick=\"javascript: ;\" mapid=\"1\">\n\t\t\t\tReset directions\t\t\t<\/a>\n\t\t<\/span>\n\t<\/div>\n<\/div>\r\n\t\t\t\t\r\n\t\t\t\t<div id=\"wpgmaps_directions_notification_1\" style=\"display:none;\">Fetching directions......<\/div>\r\n\t\t\t\t\r\n\t\t\t\t<div id=\"wpgmaps_directions_reset_1\" style=\"display:none;\">\r\n\r\n\t\t\t\t\t<a href='javascript:void(0)' onclick='wpgmza_reset_directions(1);' id='wpgmaps_reset_directions' title='Reset directions'>Reset directions<\/a>\r\n\t\t\t\t\t<br \/>\r\n\t\t\t\t\t<a href='javascript: ;' id='wpgmaps_print_directions_1' target='_blank' title='Print directions'>Print directions<\/a>\r\n\t\t\t\t<\/div>\r\n\t\t\t\t\r\n\t\t\t\t<div id=\"directions_panel_1\"><\/div>\r\n\r\n\t\t\t<\/div><\/h3>\n<p>&nbsp;<\/p>\n<p>Si vous utilisez Googlemaps ou SatNav, notre adresse ne s&#8217;affiche pas correctement. Il vaut mieux utiliser nos coordonn\u00e9es exactes qui sont<\/p>\n<p style=\"padding-left: 30px;\">44\u00b057&#8217;46.9&#8243;N 0\u00b044&#8217;14.8&#8243;E<br \/>\n44.963040, 0.737437<\/p>\n<p>et vous am\u00e8nera directement \u00e0 notre porte.<\/p>\n<p>Vous pouvez \u00e9galement <a href=\"https:\/\/what3words.com\/products\/what3words-app\/\">utiliser l&#8217;application What3Words<\/a> pour nous trouver. Les mots en fran\u00e7ais sont:<\/p>\n<p style=\"padding-left: 40px;\">empocher.po\u00e8me.certitude<\/p>\n<p>C&#8217;est un voyage facile depuis le Royaume-Uni, que ce soit en voiture ou en avion. Nous sommes \u00e0 environ 350 miles de St Malo et 500 miles de Calais et Boulogne, en utilisant l&#8217;excellent r\u00e9seau autoroutier fran\u00e7ais. Si vous souhaitez que nous vous recommandions un itin\u00e9raire simple, il vous suffit de le demander.<\/p>\n<p>Si vous souhaitez prendre l&#8217;avion et louer une voiture (oui vous aurez besoin d&#8217;une voiture pour vous rendre ici et aussi pour profiter de cette magnifique r\u00e9gion), nous sommes situ\u00e9s \u00e0 seulement 30 minutes de l&#8217;a\u00e9roport de Bergerac, et \u00e0 environ une heure et demie de Bordeaux . Nous vous recommandons d&#8217;utiliser <a href=\"http:\/\/www.skyscanner.com\">www.skyscanner.com<\/a> pour une recherche g\u00e9n\u00e9rale sur les vols disponibles. Voir ci-dessous pour un r\u00e9sum\u00e9 g\u00e9n\u00e9ral. Veuillez noter que certains vols ne sont disponibles que sur une base.<\/p>\n<h3>Directions<\/h3>\n<p>Alternativement, nous pouvons vous envoyer des instructions d\u00e9taill\u00e9es, il suffit de demander.<\/p>\n<h4>Itin\u00e9raire en bref de P\u00e9rigueux:<\/h4>\n<p>De P\u00e9rigueux suivez les panneaux pour Bergerac via la D6021, cela devrait vous amener sur la N21.<\/p>\n<p>Restez sur la N21 jusqu&#8217;\u00e0 un village appel\u00e9 Grun-Bordas. Il y a une \u00e9glise sur la colline devant vous \u00e0 gauche. Tournez \u00e0 gauche juste avant l&#8217;\u00e9glise sur la D43 en direction de Vergt. Continuez sur environ 5 km.<\/p>\n<p>Au grand rond-point, prendre la deuxi\u00e8me sortie sur la D8. Continuez sur environ 9 km \u00e0 travers Saint-Miche-de-Villadeix. Vous passerez une scierie sur la gauche apr\u00e8s le village.<\/p>\n<p>Montez la colline et lorsque vous atteignez le sommet de la colline, il y a un carrefour avec un panneau pour Les Roucheloux. Tournez \u00e0 gauche.<\/p>\n<p>Il s&#8217;agit d&#8217;une petite route de campagne. Vous passerez une all\u00e9e sur la droite ; notre route est la deuxi\u00e8me \u00e0 droite. Il y a une petite maison au coin et une croix en pierre marque le virage.<\/p>\n<p>Tournez \u00e0 droite. Nous sommes la premi\u00e8re maison \u00e0 gauche. Apr\u00e8s la maison se trouve le g\u00eete et il y a un parking que vous pouvez utiliser juste apr\u00e8s la grange sur la gauche.<\/p>\n<h4>Itin\u00e9raire depuis l&#8217;a\u00e9roport de Bergerac<\/h4>\n<p>Il est \u00e0 30 kms et prend environ 30 minutes de l&#8217;a\u00e9roport.<\/p>\n<p>Sortez de l&#8217;a\u00e9roport.<\/p>\n<p>Sur la route principale, tournez \u00e0 droite (panneau Bergerac).<\/p>\n<p>Au premier rond-point, prendre la premi\u00e8re \u00e0 droite (panneau Sarlat). Cela vous emm\u00e8ne le long d&#8217;un nouveau contournement (chauss\u00e9e unique). Continuez jusqu&#8217;au rond-point.<\/p>\n<p>Au rond-point, continuer tout droit (direction St Alvere)<\/p>\n<p>Au rond-point suivant (500 m\u00e8tres) tournez \u00e0 gauche, au rond-point suivant (200 m\u00e8tres) tournez \u00e0 droite (panneau St Alvere 26 km).<\/p>\n<p>Suivez cette route, la D32 sur 20 km jusqu&#8217;\u00e0 Sainte-Foy-de-Longas. La route suit une tr\u00e8s jolie vall\u00e9e, passant par Liorac et Sainte-Foy-de-Longas.<\/p>\n<p>Au moment de quitter Sainte-Foy-de-Longas, prendre la premi\u00e8re \u00e0 gauche (panneau St Laurent Des Batons \u00e0 5 km). Suivez cette route sur un peu plus de 6 km, passez devant le village de St Laurent des Batons et montez la colline jusqu&#8217;\u00e0 un carrefour.<\/p>\n<p><strong>VEUILLEZ NOTER: \u00c0 l&#8217;approche du village, il y a une route d\u00e9saffect\u00e9e qui appara\u00eet comme un virage \u00e0 droite sur certains syst\u00e8mes de navigation par satellite et Google &#8211; elle n&#8217;est plus utilis\u00e9e et vous ne devriez pas essayer de l&#8217;utiliser, car vous pourriez s\u00e9rieusement endommager votre v\u00e9hicule. Ignorez-le et montez la colline.<\/strong><\/p>\n<p>Il y a un panneau pour Les Roucheloux \u00e0 droite du carrefour &#8211; tourner \u00e0 droite.<\/p>\n<p>Il s&#8217;agit d&#8217;une petite route de campagne. Vous passerez une all\u00e9e sur la droite ; notre route est la deuxi\u00e8me \u00e0 droite. Il y a une petite maison au coin et une croix en pierre marque le virage.<\/p>\n<p>Tournez \u00e0 droite. Nous sommes la premi\u00e8re maison \u00e0 gauche. Apr\u00e8s la maison se trouve le g\u00eete et il y a un parking que vous pouvez utiliser juste apr\u00e8s la grange sur la gauche.<\/p>\n","protected":false},"excerpt":{"rendered":"<p>&nbsp; Si vous utilisez Googlemaps ou SatNav, notre adresse ne s&#8217;affiche pas correctement. Il vaut mieux utiliser nos coordonn\u00e9es exactes qui sont 44\u00b057&#8217;46.9&#8243;N 0\u00b044&#8217;14.8&#8243;E 44.963040, 0.737437 et vous am\u00e8nera directement \u00e0 notre porte. Vous pouvez \u00e9galement utiliser l&#8217;application What3Words pour nous trouver. Les mots en fran\u00e7ais sont: empocher.po\u00e8me.certitude C&#8217;est un voyage facile depuis le Royaume-Uni, &hellip; <a href=\"https:\/\/frenchfarmhouseholiday.com\/fr\/comment-arriver\/\" class=\"more-link\">Continue reading <span class=\"screen-reader-text\">Comment arriver<\/span> <span class=\"meta-nav\">&rarr;<\/span><\/a><\/p>\n","protected":false},"author":2,"featured_media":0,"parent":0,"menu_order":0,"comment_status":"open","ping_status":"open","template":"","meta":{"footnotes":""},"class_list":["post-157","page","type-page","status-publish","hentry"],"_links":{"self":[{"href":"https:\/\/frenchfarmhouseholiday.com\/fr\/wp-json\/wp\/v2\/pages\/157","targetHints":{"allow":["GET"]}}],"collection":[{"href":"https:\/\/frenchfarmhouseholiday.com\/fr\/wp-json\/wp\/v2\/pages"}],"about":[{"href":"https:\/\/frenchfarmhouseholiday.com\/fr\/wp-json\/wp\/v2\/types\/page"}],"author":[{"embeddable":true,"href":"https:\/\/frenchfarmhouseholiday.com\/fr\/wp-json\/wp\/v2\/users\/2"}],"replies":[{"embeddable":true,"href":"https:\/\/frenchfarmhouseholiday.com\/fr\/wp-json\/wp\/v2\/comments?post=157"}],"version-history":[{"count":10,"href":"https:\/\/frenchfarmhouseholiday.com\/fr\/wp-json\/wp\/v2\/pages\/157\/revisions"}],"predecessor-version":[{"id":486,"href":"https:\/\/frenchfarmhouseholiday.com\/fr\/wp-json\/wp\/v2\/pages\/157\/revisions\/486"}],"wp:attachment":[{"href":"https:\/\/frenchfarmhouseholiday.com\/fr\/wp-json\/wp\/v2\/media?parent=157"}],"curies":[{"name":"wp","href":"https:\/\/api.w.org\/{rel}","templated":true}]}}