{"id":163,"date":"2016-01-07T06:33:37","date_gmt":"2016-01-07T06:33:37","guid":{"rendered":"http:\/\/www.frenchfarmhouseholiday.com\/?page_id=163"},"modified":"2022-01-09T14:11:55","modified_gmt":"2022-01-09T13:11:55","slug":"nous-contacter","status":"publish","type":"page","link":"https:\/\/frenchfarmhouseholiday.com\/fr\/nous-contacter\/","title":{"rendered":"Nous contacter"},"content":{"rendered":"<h3>Dean et Debra Fetzer<\/h3>\n<p>Vous pouvez utiliser notre formulaire de contact pour la plupart des demandes.<\/p>\n<p>T\u00e9l\u00e9phone<br \/>\nAccueil: 00 33 (0)5 53 23 12 18<br \/>\nDean&#8217;s t\u00e9l\u00e9phone portable: 00 33 (0)7 88 63 44 42<br \/>\nDebra&#8217;s t\u00e9l\u00e9phone portable:00 33 (0)6 40 58 18 50<\/p>\n<p>E-mail pour des informations g\u00e9n\u00e9rales: <a href=\"mailto:enquiries@frenchfarmhouseholiday.com\" target=\"_blank\" rel=\"noopener noreferrer\">enquiries@frenchfarmhouseholiday.com<\/a><\/p>\n<p><em>Si vous cherchez une propri\u00e9t\u00e9 plus grande, nous pouvons vous recommander les g\u00eetes \u00e0 <a href=\"http:\/\/www.giteswithapool.com\">www.giteswithapool.com<\/a> car ils sont dirig\u00e9s par des amis proches &#8211; et ceux qui nous ont aid\u00e9s \u00e0 arriver en France!<\/em><\/p>\n<h4>Adresse postale<\/h4>\n<p>155 Chemin des Roucheloux<br \/>\nSt Laurent des Batons<br \/>\n24510, Val de Louyre et Caudeau<br \/>\nFrance<\/p>\n<p>[si-contact-form form=&#8217;1&#8242;]<\/p>\n<p>&nbsp;<\/p>\n","protected":false},"excerpt":{"rendered":"<p>Dean et Debra Fetzer Vous pouvez utiliser notre formulaire de contact pour la plupart des demandes. T\u00e9l\u00e9phone Accueil: 00 33 (0)5 53 23 12 18 Dean&#8217;s t\u00e9l\u00e9phone portable: 00 33 (0)7 88 63 44 42 Debra&#8217;s t\u00e9l\u00e9phone portable:00 33 (0)6 40 58 18 50 E-mail pour des informations g\u00e9n\u00e9rales: enquiries@frenchfarmhouseholiday.com Si vous cherchez une propri\u00e9t\u00e9 &hellip; <a href=\"https:\/\/frenchfarmhouseholiday.com\/fr\/nous-contacter\/\" class=\"more-link\">Continue reading <span class=\"screen-reader-text\">Nous contacter<\/span> <span class=\"meta-nav\">&rarr;<\/span><\/a><\/p>\n","protected":false},"author":2,"featured_media":0,"parent":0,"menu_order":0,"comment_status":"open","ping_status":"open","template":"","meta":{"footnotes":""},"class_list":["post-163","page","type-page","status-publish","hentry"],"_links":{"self":[{"href":"https:\/\/frenchfarmhouseholiday.com\/fr\/wp-json\/wp\/v2\/pages\/163","targetHints":{"allow":["GET"]}}],"collection":[{"href":"https:\/\/frenchfarmhouseholiday.com\/fr\/wp-json\/wp\/v2\/pages"}],"about":[{"href":"https:\/\/frenchfarmhouseholiday.com\/fr\/wp-json\/wp\/v2\/types\/page"}],"author":[{"embeddable":true,"href":"https:\/\/frenchfarmhouseholiday.com\/fr\/wp-json\/wp\/v2\/users\/2"}],"replies":[{"embeddable":true,"href":"https:\/\/frenchfarmhouseholiday.com\/fr\/wp-json\/wp\/v2\/comments?post=163"}],"version-history":[{"count":7,"href":"https:\/\/frenchfarmhouseholiday.com\/fr\/wp-json\/wp\/v2\/pages\/163\/revisions"}],"predecessor-version":[{"id":420,"href":"https:\/\/frenchfarmhouseholiday.com\/fr\/wp-json\/wp\/v2\/pages\/163\/revisions\/420"}],"wp:attachment":[{"href":"https:\/\/frenchfarmhouseholiday.com\/fr\/wp-json\/wp\/v2\/media?parent=163"}],"curies":[{"name":"wp","href":"https:\/\/api.w.org\/{rel}","templated":true}]}}