{"id":165,"date":"2016-01-07T06:35:15","date_gmt":"2016-01-07T06:35:15","guid":{"rendered":"http:\/\/www.frenchfarmhouseholiday.com\/?page_id=165"},"modified":"2021-03-08T17:37:41","modified_gmt":"2021-03-08T16:37:41","slug":"a-propos-de-nous","status":"publish","type":"page","link":"https:\/\/frenchfarmhouseholiday.com\/fr\/a-propos-de-nous\/","title":{"rendered":"\u00c0 propos de nous"},"content":{"rendered":"<h3>Qui nous sommes<\/h3>\n<p><a href=\"http:\/\/www.frenchfarmhouseholiday.com\/wp-content\/uploads\/2016\/01\/dnd.jpg\"><img loading=\"lazy\" decoding=\"async\" class=\"size-medium wp-image-270 alignright\" src=\"http:\/\/www.frenchfarmhouseholiday.com\/wp-content\/uploads\/2016\/01\/dnd-169x300.jpg\" alt=\"Dean and Debra Fetzer\" width=\"169\" height=\"300\" srcset=\"https:\/\/frenchfarmhouseholiday.com\/fr\/wp-content\/uploads\/2016\/01\/dnd-169x300.jpg 169w, https:\/\/frenchfarmhouseholiday.com\/fr\/wp-content\/uploads\/2016\/01\/dnd-576x1024.jpg 576w, https:\/\/frenchfarmhouseholiday.com\/fr\/wp-content\/uploads\/2016\/01\/dnd.jpg 720w\" sizes=\"auto, (max-width: 169px) 100vw, 169px\" \/><\/a><\/p>\n<p>Nous avons d\u00e9m\u00e9nag\u00e9 ici en 2014, apr\u00e8s \u00eatre venus dans la r\u00e9gion pour la meilleure partie d&#8217;une d\u00e9cennie en vacances \u00e0 la recherche d&#8217;une \u00abaventure\u00bb et pour \u00e9chapper \u00e0 la grande fum\u00e9e. C&#8217;\u00e9tait la meilleure d\u00e9cision que nous ayons jamais prise!<\/p>\n<p>Nous vivons ici en permanence et n&#8217;envisagerions jamais de retourner au Royaume-Uni: c&#8217;est super \u00e0 visiter, mais pour nous, c&#8217;est chez nous. Nous sommes pass\u00e9s de vivre et de travailler \u00e0 Londres \u00e0 la conversion de notre grange et \u00e0 la gestion de notre propre entreprise &#8211; nous aimons tous les jours. Le climat, le lieu, le temps libre pour faire des choses que nous avons pr\u00e9vu de faire depuis le d\u00e9but. Debra a de nombreux projets d&#8217;artisanat (petits et grands) pr\u00e9vus et Dean \u00e9crit de la fiction et dirige une petite entreprise qui aide les gens \u00e0 publier leurs livres.<\/p>\n<h3>Pourquoi nous avons choisi cet emplacement<\/h3>\n<p>La propri\u00e9t\u00e9 est situ\u00e9e au sommet d&#8217;une colline surplombant une vall\u00e9e et le village de Saint-Laurent-des-B\u00e2tons. C&#8217;est incroyablement paisible et magnifique, mais \u00e0 seulement quelques minutes de toutes les attractions touristiques les plus populaires. Il est \u00e9galement \u00e0 proximit\u00e9 des principales villes &#8211; la capitale r\u00e9gionale P\u00e9rigueux, Sarlat et Bergerac et tr\u00e8s pratique pour l&#8217;a\u00e9roport de Bergerac. Saint-Laurent-des-B\u00e2tons est un village agricole \u00e0 tr\u00e8s faible population qui gonfle lors de plusieurs \u00e9v\u00e9nements annuels.<\/p>\n<p>Nous voulions relever le d\u00e9fi de r\u00e9nover une propri\u00e9t\u00e9 et c&#8217;est ce que nous avons obtenu. Ce fut une courbe d&#8217;apprentissage abrupte, mais tr\u00e8s amusante en m\u00eame temps. Nous esp\u00e9rons que vous appr\u00e9cierez les r\u00e9sultats!<\/p>\n<h3>Ce qui est unique \u00e0 l&#8217;endroit<\/h3>\n<p>Paix, tranquillit\u00e9, solitude: quelques \u00e9l\u00e9ments qui en font une destination id\u00e9ale. Avec un acc\u00e8s facile aux images et aux sons de la Dordogne, nous pensons que notre g\u00eete de luxe est l&#8217;endroit id\u00e9al pour vos vacances.<\/p>\n<p>Avec une cuisine enti\u00e8rement \u00e9quip\u00e9e, de nombreuses salles de bains et des lits tr\u00e8s confortables, c&#8217;est l&#8217;endroit qu&#8217;il vous faut.<\/p>\n<p>Nous offrons un service tr\u00e8s personnalis\u00e9, si vous le souhaitez, en recommandant et en r\u00e9servant des restaurants, en sugg\u00e9rant des endroits \u00e0 visiter, en vous aidant \u00e0 profiter au maximum de votre s\u00e9jour.<\/p>\n<h3>Et enfin&#8230;<\/h3>\n<p>Nous ne serions pas en France sans l&#8217;aide et les conseils de nos bons amis, Alex et Alison Wright, avec qui nous sommes rest\u00e9s une grande partie de la derni\u00e8re d\u00e9cennie. Ils ont un g\u00eete pouvant accueillir de 2 \u00e0 4 personnes et vous les trouverez sur <a href=\"http:\/\/www.giteswithapool.com\">www.giteswithapool.com<\/a>.<\/p>\n","protected":false},"excerpt":{"rendered":"<p>Qui nous sommes Nous avons d\u00e9m\u00e9nag\u00e9 ici en 2014, apr\u00e8s \u00eatre venus dans la r\u00e9gion pour la meilleure partie d&#8217;une d\u00e9cennie en vacances \u00e0 la recherche d&#8217;une \u00abaventure\u00bb et pour \u00e9chapper \u00e0 la grande fum\u00e9e. C&#8217;\u00e9tait la meilleure d\u00e9cision que nous ayons jamais prise! Nous vivons ici en permanence et n&#8217;envisagerions jamais de retourner au &hellip; <a href=\"https:\/\/frenchfarmhouseholiday.com\/fr\/a-propos-de-nous\/\" class=\"more-link\">Continue reading <span class=\"screen-reader-text\">\u00c0 propos de nous<\/span> <span class=\"meta-nav\">&rarr;<\/span><\/a><\/p>\n","protected":false},"author":2,"featured_media":0,"parent":0,"menu_order":0,"comment_status":"open","ping_status":"open","template":"","meta":{"footnotes":""},"class_list":["post-165","page","type-page","status-publish","hentry"],"_links":{"self":[{"href":"https:\/\/frenchfarmhouseholiday.com\/fr\/wp-json\/wp\/v2\/pages\/165","targetHints":{"allow":["GET"]}}],"collection":[{"href":"https:\/\/frenchfarmhouseholiday.com\/fr\/wp-json\/wp\/v2\/pages"}],"about":[{"href":"https:\/\/frenchfarmhouseholiday.com\/fr\/wp-json\/wp\/v2\/types\/page"}],"author":[{"embeddable":true,"href":"https:\/\/frenchfarmhouseholiday.com\/fr\/wp-json\/wp\/v2\/users\/2"}],"replies":[{"embeddable":true,"href":"https:\/\/frenchfarmhouseholiday.com\/fr\/wp-json\/wp\/v2\/comments?post=165"}],"version-history":[{"count":8,"href":"https:\/\/frenchfarmhouseholiday.com\/fr\/wp-json\/wp\/v2\/pages\/165\/revisions"}],"predecessor-version":[{"id":416,"href":"https:\/\/frenchfarmhouseholiday.com\/fr\/wp-json\/wp\/v2\/pages\/165\/revisions\/416"}],"wp:attachment":[{"href":"https:\/\/frenchfarmhouseholiday.com\/fr\/wp-json\/wp\/v2\/media?parent=165"}],"curies":[{"name":"wp","href":"https:\/\/api.w.org\/{rel}","templated":true}]}}