{"id":180,"date":"2016-01-07T07:57:30","date_gmt":"2016-01-07T06:57:30","guid":{"rendered":"http:\/\/www.frenchfarmhouseholiday.com\/?page_id=180"},"modified":"2021-03-08T17:30:03","modified_gmt":"2021-03-08T16:30:03","slug":"welcome-to-our-gite-with-a-pool","status":"publish","type":"page","link":"https:\/\/frenchfarmhouseholiday.com\/fr\/","title":{"rendered":"Bienvenue dans notre gite"},"content":{"rendered":"<p><a href=\"http:\/\/www.frenchfarmhouseholiday.com\/details-of-the-gite\/\"><img loading=\"lazy\" decoding=\"async\" class=\"alignright size-full wp-image-322\" src=\"http:\/\/www.frenchfarmhouseholiday.com\/wp-content\/uploads\/2016\/01\/deck-front2.jpg\" alt=\"Front door of gite and deck\" width=\"450\" height=\"600\" srcset=\"https:\/\/frenchfarmhouseholiday.com\/fr\/wp-content\/uploads\/2016\/01\/deck-front2.jpg 450w, https:\/\/frenchfarmhouseholiday.com\/fr\/wp-content\/uploads\/2016\/01\/deck-front2-225x300.jpg 225w\" sizes=\"auto, (max-width: 450px) 100vw, 450px\" \/><\/a><\/p>\n<p>Situ\u00e9 \u00e0 quelques minutes des sites touristiques, des rivi\u00e8res et des paysages de la Dordogne &#8211; sans parler de la gastronomie et du vin dont la r\u00e9gion est c\u00e9l\u00e8bre &#8211; nous sommes id\u00e9alement situ\u00e9s pour vos vacances en France.<\/p>\n<p>Le g\u00eete a \u00e9t\u00e9 achev\u00e9 en 2016, avec une piscine priv\u00e9e, non loin du Bugue, P\u00e9rigueux et Bergerac dans un endroit paisible et rural en Dordogne, \u00e0 proximit\u00e9 du c\u0153ur des nombreuses attractions touristiques de la Dordogne.<\/p>\n<p>Dean et Debra Fetzer, les propri\u00e9taires qui vivent sur la propri\u00e9t\u00e9, vous invitent \u00e0 jeter un \u0153il et esp\u00e9rons vous voir bient\u00f4t!<\/p>\n<p><a href=\"http:\/\/www.frenchfarmhouseholiday.com\/fr\/details-du-gite\/\">D\u00e9tails du g\u00eete &gt;&gt;<\/a><\/p>\n","protected":false},"excerpt":{"rendered":"<p>Situ\u00e9 \u00e0 quelques minutes des sites touristiques, des rivi\u00e8res et des paysages de la Dordogne &#8211; sans parler de la gastronomie et du vin dont la r\u00e9gion est c\u00e9l\u00e8bre &#8211; nous sommes id\u00e9alement situ\u00e9s pour vos vacances en France. Le g\u00eete a \u00e9t\u00e9 achev\u00e9 en 2016, avec une piscine priv\u00e9e, non loin du Bugue, P\u00e9rigueux &hellip; <a href=\"https:\/\/frenchfarmhouseholiday.com\/fr\/\" class=\"more-link\">Continue reading <span class=\"screen-reader-text\">Bienvenue dans notre gite<\/span> <span class=\"meta-nav\">&rarr;<\/span><\/a><\/p>\n","protected":false},"author":2,"featured_media":0,"parent":0,"menu_order":0,"comment_status":"closed","ping_status":"open","template":"","meta":{"footnotes":""},"class_list":["post-180","page","type-page","status-publish","hentry"],"_links":{"self":[{"href":"https:\/\/frenchfarmhouseholiday.com\/fr\/wp-json\/wp\/v2\/pages\/180","targetHints":{"allow":["GET"]}}],"collection":[{"href":"https:\/\/frenchfarmhouseholiday.com\/fr\/wp-json\/wp\/v2\/pages"}],"about":[{"href":"https:\/\/frenchfarmhouseholiday.com\/fr\/wp-json\/wp\/v2\/types\/page"}],"author":[{"embeddable":true,"href":"https:\/\/frenchfarmhouseholiday.com\/fr\/wp-json\/wp\/v2\/users\/2"}],"replies":[{"embeddable":true,"href":"https:\/\/frenchfarmhouseholiday.com\/fr\/wp-json\/wp\/v2\/comments?post=180"}],"version-history":[{"count":17,"href":"https:\/\/frenchfarmhouseholiday.com\/fr\/wp-json\/wp\/v2\/pages\/180\/revisions"}],"predecessor-version":[{"id":414,"href":"https:\/\/frenchfarmhouseholiday.com\/fr\/wp-json\/wp\/v2\/pages\/180\/revisions\/414"}],"wp:attachment":[{"href":"https:\/\/frenchfarmhouseholiday.com\/fr\/wp-json\/wp\/v2\/media?parent=180"}],"curies":[{"name":"wp","href":"https:\/\/api.w.org\/{rel}","templated":true}]}}