{"id":185,"date":"2016-01-07T08:09:54","date_gmt":"2016-01-07T07:09:54","guid":{"rendered":"http:\/\/www.frenchfarmhouseholiday.com\/?page_id=185"},"modified":"2020-06-19T07:08:40","modified_gmt":"2020-06-19T05:08:40","slug":"amenities","status":"publish","type":"page","link":"https:\/\/frenchfarmhouseholiday.com\/fr\/amenities\/","title":{"rendered":"Amenities"},"content":{"rendered":"<h3>Supermarch\u00e9s<\/h3>\n<p>Le supermarch\u00e9 le plus proche est un Intermarch\u00e9 \u00e0 10 minutes \u00e0 Vergt. Il y a des hypermarch\u00e9s plus grands un peu plus loin \u00e0 Le Bugue, P\u00e9rigueux et Bergerac si vous ne trouvez pas ce que vous cherchez localement.<\/p>\n<p>Vous pouvez \u00e9galement trouver des produits et autres produits alimentaires sur l&#8217;un des nombreux march\u00e9s locaux.<\/p>\n<h3>Banques<\/h3>\n<p>Il y a des banques avec des distributeurs au large de la place centrale de Vergt et une autre succursale \u00e0 Sainte-Alv\u00e8re.<\/p>\n<h3>Essence<\/h3>\n<p>Il y a une station-service avec des prix comp\u00e9titifs \u00e0 l&#8217;Intermarch\u00e9 \u00e0 Vergt qui est utilisable 24 heures si vous avez une carte de paiement qui fonctionne en France (la plupart le font de nos jours). Il y a aussi une station-service 24h \/ 24 \u00e0 Sainte-Alv\u00e8re.<\/p>\n<h3>Bureau de poste<\/h3>\n<p>Il y a des bureaux de poste dans la plupart des villages locaux, mais les plus fiables se trouvent \u00e0 Vergt et Sainte-Alv\u00e8re.<\/p>\n<h3>Infos touristiques<\/h3>\n<p>Information:<br \/>\nService Municipal du Tourisme de Sainte Alv\u00e8re (situ\u00e9 sur la rue principale \u00e0 travers Sainte Alv\u00e8re)<br \/>\nTel: 05.53.73.55.85<br \/>\nFax: 05.53.73.55.99<br \/>\nEmail : <a href=\"mailto:office-tourisme@ville-sainte-alvere.fr\" target=\"_blank\" rel=\"noopener noreferrer\">office-tourisme@ville-sainte-alvere.fr<\/a><\/p>\n<p>&nbsp;<\/p>\n","protected":false},"excerpt":{"rendered":"<p>Supermarch\u00e9s Le supermarch\u00e9 le plus proche est un Intermarch\u00e9 \u00e0 10 minutes \u00e0 Vergt. Il y a des hypermarch\u00e9s plus grands un peu plus loin \u00e0 Le Bugue, P\u00e9rigueux et Bergerac si vous ne trouvez pas ce que vous cherchez localement. Vous pouvez \u00e9galement trouver des produits et autres produits alimentaires sur l&#8217;un des nombreux &hellip; <a href=\"https:\/\/frenchfarmhouseholiday.com\/fr\/amenities\/\" class=\"more-link\">Continue reading <span class=\"screen-reader-text\">Amenities<\/span> <span class=\"meta-nav\">&rarr;<\/span><\/a><\/p>\n","protected":false},"author":2,"featured_media":0,"parent":0,"menu_order":0,"comment_status":"closed","ping_status":"open","template":"","meta":{"footnotes":""},"class_list":["post-185","page","type-page","status-publish","hentry"],"_links":{"self":[{"href":"https:\/\/frenchfarmhouseholiday.com\/fr\/wp-json\/wp\/v2\/pages\/185","targetHints":{"allow":["GET"]}}],"collection":[{"href":"https:\/\/frenchfarmhouseholiday.com\/fr\/wp-json\/wp\/v2\/pages"}],"about":[{"href":"https:\/\/frenchfarmhouseholiday.com\/fr\/wp-json\/wp\/v2\/types\/page"}],"author":[{"embeddable":true,"href":"https:\/\/frenchfarmhouseholiday.com\/fr\/wp-json\/wp\/v2\/users\/2"}],"replies":[{"embeddable":true,"href":"https:\/\/frenchfarmhouseholiday.com\/fr\/wp-json\/wp\/v2\/comments?post=185"}],"version-history":[{"count":4,"href":"https:\/\/frenchfarmhouseholiday.com\/fr\/wp-json\/wp\/v2\/pages\/185\/revisions"}],"predecessor-version":[{"id":390,"href":"https:\/\/frenchfarmhouseholiday.com\/fr\/wp-json\/wp\/v2\/pages\/185\/revisions\/390"}],"wp:attachment":[{"href":"https:\/\/frenchfarmhouseholiday.com\/fr\/wp-json\/wp\/v2\/media?parent=185"}],"curies":[{"name":"wp","href":"https:\/\/api.w.org\/{rel}","templated":true}]}}