{"id":275,"date":"2016-07-24T17:28:27","date_gmt":"2016-07-24T15:28:27","guid":{"rendered":"http:\/\/www.frenchfarmhouseholiday.com\/?page_id=275"},"modified":"2020-06-19T07:21:47","modified_gmt":"2020-06-19T05:21:47","slug":"temoignages","status":"publish","type":"page","link":"https:\/\/frenchfarmhouseholiday.com\/fr\/temoignages\/","title":{"rendered":"T\u00e9moignages avenants d&#8217;anciens clients"},"content":{"rendered":"<h3>Voici quelques mots tr\u00e8s gentils de nos clients!<\/h3>\n<p><em>\u201cMerci pour un si beau s\u00e9jour ici! Le paysage est absolument magnifique et nous en avons appr\u00e9ci\u00e9 chaque seconde. Nous \u00e9tions surtout dans la piscine &#8211; ou le bain \u00e0 remous, en regardant les \u00e9toiles sortir! Une bonne recommandation pour les choses \u00e0 faire est le cano\u00eb au Grand Roc. Notre s\u00e9jour ici a \u00e9t\u00e9 extr\u00eamement agr\u00e9able et nous aimerions revenir! La maison est belle et propre et la piscine est charmante apr\u00e8s une chaude journ\u00e9e! \u201d<\/em><br \/>\n<em>Izzy, ao\u00fbt 2018<\/em><\/p>\n<p><em>&#8220;Bien, que puis-je dire? Nous avons eu un accueil tr\u00e8s chaleureux et nous nous sommes sentis tr\u00e8s \u00e0 l&#8217;aise ici. Vous avez fait un travail fantastique pour en faire un endroit relaxant. La maison est confortable et tr\u00e8s bien \u00e9quip\u00e9e. Bien que nous ayons apport\u00e9 des livres avec nous, nous avons \u00e9galement \u00e9t\u00e9 tr\u00e8s impressionn\u00e9s par la biblioth\u00e8que! J&#8217;ai eu du mal \u00e0 sortir les dames de la famille de la piscine et du bain \u00e0 remous &#8211; les deux \u00e9taient absolument parfaites et ont vraiment fait nos apr\u00e8s-midi et nos soir\u00e9es! Le quartier est super aussi. Il y a tellement plus \u00e0 explorer que nous pr\u00e9voyons de revenir, mais un must absolu est les grottes. Nous avons visit\u00e9 les grottes du Grand Roc, mais nous savons qu&#8217;il y en a encore de meilleures! Nous avons \u00e9galement fait du cano\u00eb sur la rivi\u00e8re qui \u00e9tait une exp\u00e9rience voulue avec des courants doux (principalement) et de beaux paysages. Certains jours, nous venons de passer profiter du temps extr\u00eamement chaud et de la piscine. Cette exp\u00e9rience est imbattable. Merci de nous avoir fourni un refuge accueillant, relaxant et d\u00e9stressant pour une merveilleuse semaine! \u00bb<\/em><br \/>\n<em>Jason, Kate et Izzy, ao\u00fbt 2018<\/em><\/p>\n<p><em>\u00abMerci pour une semaine tr\u00e8s reposante dans votre g\u00eete tr\u00e8s bien \u00e9quip\u00e9 et pour la recommandation de Chez Julien \u00e0 Paunant et pour la r\u00e9servation. Une belle partie de Franc pour rester et, bien que nous ayons pass\u00e9 la plupart du temps \u00e0 nous d\u00e9tendre ici, les quelques visites dans des endroits \u00e9taient pittoresques et int\u00e9ressantes. Vous \u00eates tr\u00e8s discret et autoris\u00e9 pour notre vie priv\u00e9e, que nous appr\u00e9cions. Merci pour les dispositions que vous avez laiss\u00e9es pour notre arriv\u00e9e et notre consid\u00e9ration g\u00e9n\u00e9rale. La maison et la piscine \u00e9taient extr\u00eamement propres et bien entretenues et nous n&#8217;h\u00e9siterions pas \u00e0 vous recommander! \u00bb<\/em><br \/>\n<em>Keith, Pam, Lewis et Mitchell, juillet 2018<\/em><\/p>\n<p><em>\u00abNous avons eu une tr\u00e8s belle semaine. Le temps a \u00e9t\u00e9 magnifique, ce qui a sans aucun doute aid\u00e9. Nous avons visit\u00e9 de nombreux endroits magnifiques (o\u00f9 il y en a beaucoup) mais un voyage \u00e0 Beynac est un must. Nous nous engageons \u00e0 prendre le temps de faire du cano\u00eb sur la Dordogne la prochaine fois. Merci \u00e0 Debra et Dean d&#8217;avoir rendu notre s\u00e9jour si agr\u00e9able. De l&#8217;approvisionnement des adolescents en pizza apr\u00e8s notre arriv\u00e9e tardive, en r\u00e9servant Chez Julien pour le d\u00e9jeuner le plus pittoresque et en nous initiant \u00e0 la vie fran\u00e7aise \u00e0 travers une marche nocturne locale. La prochaine fois, nous pr\u00e9voyons de rester quinze jours dans ce qui est maintenant notre partie pr\u00e9f\u00e9r\u00e9e de la France! \u00bb<\/em><br \/>\n<em>Vikki, Mark, Ellie, James and Chloe, juillet 2018<\/em><\/p>\n<p><em>\u00abNous passons g\u00e9n\u00e9ralement nos vacances en tourn\u00e9e avec notre caravane, le g\u00eete a donc fait un joli changement. Nous avons eu un agr\u00e9able moment de d\u00e9tente et de confort, le temps a \u00e9t\u00e9 super et m\u00eame le formidable orage a \u00e9t\u00e9 une exp\u00e9rience! J&#8217;ai eu de beaux d\u00e9jeuners et vu de beaux paysages. Une belle partie de la France, tout le monde est si sympathique et serviable. Merci Deb et Dean d&#8217;avoir fait en sorte que nous nous sentions chez nous et d&#8217;\u00eatre si serviables. Tout le meilleur pour l&#8217;avenir. &#8220;<\/em><br \/>\n<em>Sandy et Peter, juillet 2018<\/em><\/p>\n<p><em>\u00abBeau g\u00eete situ\u00e9 dans un endroit magnifiquement tranquille. Debra et Dean ont fourni tout ce dont vous pourriez avoir besoin. C\u2019est une nouveaut\u00e9 de s\u00e9journer dans un g\u00eete fran\u00e7ais o\u00f9 po\u00eales et climatisation sont fournis! Quelle exp\u00e9rience diff\u00e9rente cela fait! Bien s\u00fbr, la piscine et le bain \u00e0 remous sont super. J&#8217;ai particuli\u00e8rement appr\u00e9ci\u00e9 pratiquer mon fran\u00e7ais dans les restaurants et les magasins locaux &#8211; les Fran\u00e7ais ont \u00e9t\u00e9 tr\u00e8s tol\u00e9rants envers mon pigeon-fran\u00e7ais. Nous avons mang\u00e9 dans de charmants restaurants. Nous avons aim\u00e9 faire du v\u00e9lo dans de nombreux villages Le Plus Beaux, en louant des v\u00e9los \u00e9lectriques aupr\u00e8s de \u00abBike Bus\u00bb. Les points forts comprennent Domme, Beynac, Castelnaud et les grottes de Rouffignac. Merci \u00e0 Debra et Dean! \u00bb<\/em><br \/>\n<em>Yvonne et Stuart, juin 2018<\/em><\/p>\n<p><em>\u00abNous avons pass\u00e9 une semaine agr\u00e9able et d\u00e9tendue \u00e0 profiter des villes et des march\u00e9s locaux. Beaucoup de d\u00e9jeuners, y compris Chez Julien. La nourriture, comme toujours en France, a \u00e9t\u00e9 merveilleuse. Deb et Dean ont \u00e9t\u00e9 des h\u00f4tes si gentils, nous fournissant un lit b\u00e9b\u00e9 et des choses pour b\u00e9b\u00e9, ce qui rend notre s\u00e9jour ici beaucoup plus facile. La piscine et le bain \u00e0 remous sont d&#8217;excellents ajouts \u00e0 un g\u00eete parfaitement positionn\u00e9, accueilli par nous \u00e0 la fin de la journ\u00e9e &#8211; tous les jours! Nous aimons cette partie de la France et avons l&#8217;intention de revenir pour en profiter \u00e0 nouveau. Merci encore.&#8221;<\/em><br \/>\n<em>Glenys, Dave, Jos, Fleur et b\u00e9b\u00e9 Lenny, juin 2018<\/em><\/p>\n<p><em>\u00abMerci beaucoup pour cette merveilleuse semaine &#8211; notre premi\u00e8re visite en Dordogne. Le g\u00eete est tr\u00e8s confortable et bien \u00e9quip\u00e9 avec tout ce dont nous pourrions avoir besoin. Merci \u00e9galement pour votre accueil chaleureux et votre hospitalit\u00e9. Le frigo bien approvisionn\u00e9 a bien commenc\u00e9 nos vacances. Nous avons vraiment ador\u00e9 la r\u00e9gion, tellement de choses \u00e0 voir, \u00e0 faire et \u00e0 appr\u00e9cier &#8211; en particulier les nombreuses fleurs sauvages dans les haies. Je pense que nous avons compt\u00e9 au moins une douzaine d&#8217;esp\u00e8ces diff\u00e9rentes! C&#8217;\u00e9tait super de revenir de nos promenades pour se d\u00e9tendre sur notre terrasse calme et dans la piscine. Merci beaucoup.&#8221;<\/em><br \/>\n<em>Andrew et Cath, mai 2018<\/em><\/p>\n<p><em>\u00abUn environnement si paisible fait des jours de farniente mais les march\u00e9s locaux sont incontournables. Intermarche \u00e0 Vergt est plus petit que les biggies comme Auchan \u00e0 P\u00e9rigueux, mais a tout ce dont vous avez besoin. Nous sommes tomb\u00e9s amoureux de Tremolat et notre d\u00e9lice \u00e9tait le d\u00e9jeuner au Vieux Logis, ce qui \u00e9tait incroyable. Le Bistro de l&#8217;h\u00f4tel \u00e9tait tout aussi bon. Essayez la baguette Artisan de la boulangerie Tremolat &#8211; la meilleure que nous ayons eue. Dean et Debra ont \u00e9t\u00e9 les h\u00f4tes parfaits et ont \u00e9t\u00e9 tr\u00e8s utiles. Nous n&#8217;avons jamais pu manger chez Julien, mais nous revenons en octobre &#8211; j&#8217;esp\u00e8re acheter une maison. Avec beaucoup d&#8217;appr\u00e9ciation. &#8220;<\/em><br \/>\n<em>Jim et Jan, mai 2018<\/em><\/p>\n<p><em>\u00abMerci de votre hospitalit\u00e9, de votre site fantastique et de votre aide suppl\u00e9mentaire lors de notre p\u00e9riple mouvement\u00e9! Nous avons eu une belle semaine. Le cadre est magnifique et le g\u00eete a tout ce que vous pourriez souhaiter. Merci pour vos recommandations &#8211; nous avons pass\u00e9 quelques jours amusants &#8211; mais la star est vraiment le g\u00eete, la piscine et le bain \u00e0 remous, donc nous ne pouvons pas nous \u00e9loigner trop souvent! &#8220;<\/em><br \/>\n<em>Pete, Laura, Esther et Kimberley, ao\u00fbt 2017<\/em><\/p>\n<p><em>\u00abMerci \u00e0 vous deux pour un excellent accueil et l&#8217;hospitalit\u00e9 pendant notre s\u00e9jour. Le g\u00eete a tout ce que l&#8217;on pourrait penser pour de bonnes vacances. Andrea a ador\u00e9 la piscine, tandis qu&#8217;Andrew \u00e9tait assis \u00e0 l&#8217;ombre, en train de lire! Le crocodile a fourni un grand divertissement. Brant\u00f4me et Limeuil sont de tr\u00e8s jolis endroits pour d\u00e9jeuner. Un avertissement \u00e0 ceux qui suivent: Rocamadour est beaucoup plus loin que vous ne le pensez !! Nous avons pass\u00e9 d&#8217;excellentes journ\u00e9es et soir\u00e9es au bord de la piscine. \u00bb<\/em><br \/>\n<em>Andrea et Andrew, ao\u00fbt 2017<\/em><\/p>\n<p><em>\u201cJ&#8217;ai ador\u00e9 notre s\u00e9jour et nous avons eu tout ce dont nous avions besoin. J&#8217;adorerais revenir un jour. Meilleurs voeux pour l&#8217;avenir et merci! \u00bb<\/em><br \/>\n<em>Dawn, Mark, Isobel, Debra et Teri, ao\u00fbt 2017<\/em><\/p>\n<p><em>\u201cLa location est exceptionnelle! Merci pour l\u2019accueil et la maison qui est tr\u00e8s bien restaur\u00e9. Nous avons bien profit\u00e9 des lieux et reliammenlide la piscine et du jacuzzi. C\u2019est au plaisir de var les lapins tou les soirs. Magnifique, reposant et charmant. Bonne continuation pau votre aventure. \u201d<\/em><br \/>\n<em>Karin et Michel, ao\u00fbt 2017<\/em><\/p>\n<p><em>\u00abUne semaine reposante comme nous le souhaitons le g\u00eete est magnifique les h\u00f4tes discrets et charmant. Bref de belle vacances. \u201d<\/em><br \/>\n<em>Isabelle et Philippe, ao\u00fbt 2017<\/em><\/p>\n<p><em>\u00abNous sommes venus ici pour des vacances reposantes et bien m\u00e9rit\u00e9es et c&#8217;est exactement ce que nous avons eu! Le g\u00eete avait tout ce dont nous avions besoin et bien plus encore et nous avons pu passer du bon temps en famille. N&#8217;ayant jamais s\u00e9journ\u00e9 dans un g\u00eete auparavant, nous ne savions pas trop \u00e0 quoi nous attendre, mais nous n&#8217;h\u00e9siterions pas \u00e0 recommander cet endroit aux gens de chez eux. Merci, Dean et Debra d&#8217;avoir fourni un si merveilleux refuge pour nos vacances d&#8217;\u00e9t\u00e9 en famille! \u00bb<\/em><br \/>\n<em>Simon, Lou, Ben, Luke and Faith, ao\u00fbt 2017<\/em><\/p>\n<p><em>\u00abMerci beaucoup pour votre aimable hospitalit\u00e9. Nous avons tous deux pass\u00e9 des vacances merveilleuses et relaxantes. Nous sommes d\u00e9sol\u00e9s que cela doive prendre fin! Vous avez entrepris une merveilleuse transformation d&#8217;une ancienne grange en un g\u00eete si beau et bien am\u00e9nag\u00e9. Nous avons vraiment appr\u00e9ci\u00e9 nos journ\u00e9es au farniente autour de la piscine avec une vue d\u00e9gag\u00e9e. Nous avons h\u00e2te de revenir, mais la prochaine fois, Phil laissera son v\u00e9lo \u00e0 la maison! \u00bb<\/em><br \/>\n<em>Phil et Karen, juillet 2017<\/em><\/p>\n<p><em>\u00abQuelles vacances fantastiques ce fut. Le chalet avait tout ce dont vous pourriez avoir besoin. C&#8217;\u00e9tait propre et accueillant. Un grand merci \u00e0 Dean et Deb qui sont un couple charmant, serviable et vraiment sympa &#8211; et tr\u00e8s chanceux !! La piscine \u00e9tait fantastique! Nous avons ador\u00e9 chaque minute de notre s\u00e9jour ici et nous reviendrions certainement. Merci beaucoup!&#8221;<\/em><br \/>\n<em>Garry et Lesley, juin 2017<\/em><\/p>\n<p><em>\u00abDes vacances tr\u00e8s relaxantes dans votre beau g\u00eete, qui contient tout le n\u00e9cessaire ici dans les moindres d\u00e9tails. Magnifique piscine. Bon amusement en cano\u00eb sur la Dordogne la veille de la canicule. Phew!! Merci pour tout &#8211; nous reviendrons! &#8220;<\/em><br \/>\n<em>Colin et Sylvie, juin 2017<\/em><\/p>\n<p><em>\u00abLe soleil brillant \u00e9tait trop chaud, la pluie \u00e9tait mouill\u00e9e, les oiseaux \u00e9taient bruyants, les insectes \u00e0 profusion et nous avons appr\u00e9ci\u00e9 chaque minute. Merci de nous avoir si bien accueillis en \u00abAquitaine\u00bb! \u00bb<\/em><br \/>\n<em>Stan et Eileen, juin 2017<\/em><\/p>\n<p><em>&#8220;Nous aimons votre g\u00eete et nous ne voulons pas partir! Merci beaucoup pour votre hospitalit\u00e9 &#8211; d&#8217;excellentes suggestions pour des voyages secondaires et un endroit d\u00e9licieux pour le d\u00eener. Ravi de vous rencontrer et bonne chance dans votre entreprise. \u00bb<\/em><br \/>\n<em>Ross et Dina Lee, septembre 2016<\/em><\/p>\n<p><em>\u00abDeb et Dean ont cr\u00e9\u00e9 un endroit des plus charmants &#8211; \u00e0 l&#8217;int\u00e9rieur du site et \u00e0 l&#8217;ext\u00e9rieur dans et autour de la piscine. Il n&#8217;y a rien que nous ayons voulu: ils ont pens\u00e9 \u00e0 tout! Nous avons eu la chance d&#8217;avoir eu un temps chaud et ensoleill\u00e9, avec de la pluie pendant quelques jours seulement. Nous avons appr\u00e9ci\u00e9 visiter les march\u00e9s locaux, gr\u00e2ce aux informations claires dans le pack maison. Dean a gentiment fait des r\u00e9servations et a sugg\u00e9r\u00e9 des endroits vraiment sp\u00e9ciaux pour les repas avec une nourriture int\u00e9ressante dans des endroits vraiment charmants. Il y a des villes historiques \u00e0 visiter, traversant des paysages ouverts et vastes. Nous avons \u00e9t\u00e9 surpris \u00e0 plusieurs reprises que pendant que nous roulions sur la droite, sur beaucoup de ces routes \u00e9troites, les Fran\u00e7ais semblaient rouler au milieu !! Nous souhaitons \u00e0 Deb et Dean bonne chance dans cette aventure et esp\u00e9rons qu&#8217;ils continueront \u00e0 profiter de leur vie dans la France rurale. \u00bb<\/em><br \/>\n<em>Charlotte et Bill, septembre 2016<\/em><\/p>\n<p><em>\u00abToutes les bonnes choses ont une fin, mais o\u00f9 sont pass\u00e9es deux semaines?!? Superbe maison, cadre magnifique, piscine magnifique\u2026 et oh, la vue depuis le pont montr\u00e9 &#8211; nous allons tout manquer! Merci d\u2019\u00eatre all\u00e9 au-del\u00e0 des installations. La grange a du caract\u00e8re en abondance et nous nous sommes sentis tr\u00e8s \u00e0 l&#8217;aise comme les gar\u00e7ons. Cependant, nous tenons \u00e0 vous remercier pour votre accueil et votre attention pendant notre s\u00e9jour. Bonne chance pour l&#8217;avenir et \u00e0 bient\u00f4t! \u201d<\/em><br \/>\n<em>Mark, Dawn, Isaac and Otis, ao\u00fbt 2016<\/em><\/p>\n<p><em>&#8220;Nous avons tous vraiment appr\u00e9ci\u00e9 des vacances tr\u00e8s paisibles et relaxantes dans votre magnifique g\u00eete. La piscine a \u00e9t\u00e9 fantastique pour se rafra\u00eechir apr\u00e8s plusieurs visites touristiques. Le cano\u00eb de Cenac \u00e0 Beynac est un must &#8211; si beau &#8211; ainsi que le d\u00e9jeuner chez Chez Juliens, merci beaucoup d&#8217;avoir r\u00e9serv\u00e9 pour nous! Merci aussi pour toutes les informations locales qui ont rendu nos vacances plus faciles. Triste de partir! &#8220;<\/em><br \/>\n<em>Denise, Richard, Isobel, Lilly et Keeley, ao\u00fbt 2016<\/em><\/p>\n<p><em>&#8220;Nous avons tous pass\u00e9 de belles vacances dans votre beau g\u00eete! Tr\u00e8s bien situ\u00e9 et tout ce dont nous aurions pu avoir besoin. Merci Dean et Deb (et vos excellents voisins) de nous avoir si bien accueillis. De nombreuses heures de d\u00e9tente en profitant de la piscine, puis des soir\u00e9es le patio en jouant \u00e0 des jeux. Nous aimerions tous revenir! &#8220;<\/em><br \/>\n<em>Janet, Gavin, Alice et Amy, ao\u00fbt 2016<\/em><\/p>\n<p><em>\u201cQuel super endroit! Nous sommes tous d&#8217;accord pour dire que c&#8217;est de loin le plus bel endroit o\u00f9 nous avons s\u00e9journ\u00e9 en France. Espace piscine fantastique et tout ce dont vous pourriez avoir besoin sur le site. Dean et Deb, vous avez fait un travail incroyable! &#8220;<\/em><br \/>\n<em>Tom, Zoe, Teddy et Harvey, juillet 2016<\/em><\/p>\n<p><em>\u00abNous avons pass\u00e9 de belles vacances dans votre super g\u00eete et votre piscine est incroyable. Nous appr\u00e9cions vraiment votre accueil \u00e0 court terme. Le quartier est vraiment sympa et les vues sont spectaculaires! Bien jou\u00e9, Dean et Debra. \u00bb<\/em><br \/>\n<em>Hazel et Stewart et Anne et John, juillet 2016<\/em><\/p>\n<p><em>\u00abMerci beaucoup, nous avons pass\u00e9 de belles vacances dans votre g\u00eete. C&#8217;\u00e9tait l&#8217;endroit parfait pour visiter la r\u00e9gion de la Dordogne et revenir se d\u00e9tendre au bord de la piscine avec une vue magnifique. Nous avons ador\u00e9 la piscine et le bain \u00e0 remous! Vous avez pens\u00e9 \u00e0 tout ce dont nous pourrions avoir besoin, et la glaci\u00e8re a \u00e9t\u00e9 appr\u00e9ci\u00e9e. Nous avons particuli\u00e8rement aim\u00e9 visiter Beynac et Domme &#8211; les grottes et la vue panoramique \u00e9taient incroyables. Nous avons appr\u00e9ci\u00e9 un d\u00e9licieux repas chez Chez Julien, un endroit si inhabituel et joli. Le cano\u00eb lors de notre dernier jour de Campagne \u00e0 Limeuil \u00e9tait tr\u00e8s amusant (2 heures, c&#8217;\u00e9tait assez long!). Limeuil \u00e9tait un endroit parfait pour un pique-nique sous les arbres avec vue sur les rivi\u00e8res et si joli. Nous recommanderons certainement le g\u00eete \u00e0 des amis et \u00e0 la famille! Merci beaucoup pour tous les petits extras fournis. J&#8217;aimerais pouvoir rester plus longtemps! \u201d<\/em><br \/>\n<em>Bridget, Steve et Sara et Steph, juillet 2016<\/em><\/p>\n<p><em>\u00abQuel travail incroyable vous avez fait! Nous sommes tr\u00e8s impressionn\u00e9s par le design et le travail. Nous avons eu un s\u00e9jour tr\u00e8s confortable et agr\u00e9able.<\/em><br \/>\n<em>Un h\u00e9bergement merveilleux dans une des plus belles parties du monde. \u201d<\/em><br \/>\n<em>Larry et Elsie Fetzer, juin 2016<\/em><\/p>\n","protected":false},"excerpt":{"rendered":"<p>Voici quelques mots tr\u00e8s gentils de nos clients! \u201cMerci pour un si beau s\u00e9jour ici! Le paysage est absolument magnifique et nous en avons appr\u00e9ci\u00e9 chaque seconde. Nous \u00e9tions surtout dans la piscine &#8211; ou le bain \u00e0 remous, en regardant les \u00e9toiles sortir! Une bonne recommandation pour les choses \u00e0 faire est le cano\u00eb &hellip; <a href=\"https:\/\/frenchfarmhouseholiday.com\/fr\/temoignages\/\" class=\"more-link\">Continue reading <span class=\"screen-reader-text\">T\u00e9moignages avenants d&#8217;anciens clients<\/span> <span class=\"meta-nav\">&rarr;<\/span><\/a><\/p>\n","protected":false},"author":2,"featured_media":0,"parent":0,"menu_order":0,"comment_status":"closed","ping_status":"closed","template":"","meta":{"footnotes":""},"class_list":["post-275","page","type-page","status-publish","hentry"],"_links":{"self":[{"href":"https:\/\/frenchfarmhouseholiday.com\/fr\/wp-json\/wp\/v2\/pages\/275","targetHints":{"allow":["GET"]}}],"collection":[{"href":"https:\/\/frenchfarmhouseholiday.com\/fr\/wp-json\/wp\/v2\/pages"}],"about":[{"href":"https:\/\/frenchfarmhouseholiday.com\/fr\/wp-json\/wp\/v2\/types\/page"}],"author":[{"embeddable":true,"href":"https:\/\/frenchfarmhouseholiday.com\/fr\/wp-json\/wp\/v2\/users\/2"}],"replies":[{"embeddable":true,"href":"https:\/\/frenchfarmhouseholiday.com\/fr\/wp-json\/wp\/v2\/comments?post=275"}],"version-history":[{"count":20,"href":"https:\/\/frenchfarmhouseholiday.com\/fr\/wp-json\/wp\/v2\/pages\/275\/revisions"}],"predecessor-version":[{"id":393,"href":"https:\/\/frenchfarmhouseholiday.com\/fr\/wp-json\/wp\/v2\/pages\/275\/revisions\/393"}],"wp:attachment":[{"href":"https:\/\/frenchfarmhouseholiday.com\/fr\/wp-json\/wp\/v2\/media?parent=275"}],"curies":[{"name":"wp","href":"https:\/\/api.w.org\/{rel}","templated":true}]}}