{"id":409,"date":"2020-07-04T16:10:50","date_gmt":"2020-07-04T14:10:50","guid":{"rendered":"http:\/\/www.frenchfarmhouseholiday.com\/fr\/?page_id=409"},"modified":"2020-07-04T16:10:50","modified_gmt":"2020-07-04T14:10:50","slug":"covid-19","status":"publish","type":"page","link":"https:\/\/frenchfarmhouseholiday.com\/fr\/covid-19\/","title":{"rendered":"Covid-19"},"content":{"rendered":"<p>Nous suivons toutes les directives de notre office de tourisme local et les recommandations de l\u2019Organisation mondiale de la sant\u00e9 et du Minist\u00e8re fran\u00e7ais de la sant\u00e9.<\/p>\n<h3>Arriv\u00e9e<\/h3>\n<p>Nous vous rencontrerons avec des masques et maintiendrons la distance sociale si n\u00e9cessaire. Nous vous demandons de respecter les protocoles de distanciation sociale appropri\u00e9s pour minimiser votre contact avec nous.<\/p>\n<h3>Nettoyage<\/h3>\n<p>Le g\u00eete est enti\u00e8rement diffus\u00e9 entre les d\u00e9parts et les arriv\u00e9es des clients.<\/p>\n<p>Nous avons une liste de contr\u00f4le des priorit\u00e9s de nettoyage que nous passons en revue \u00e0 chaque session de nettoyage, en commen\u00e7ant par les zones \u00e0 faible transmission comme les chambres et le salon avant de nettoyer les salles de bain et la cuisine.<\/p>\n<p>Nous utilisons des nettoyants et d\u00e9sinfectants appropri\u00e9s approuv\u00e9s pour une utilisation contre le virus.<\/p>\n<p>Les surfaces hautement tactiles sont prioris\u00e9es, telles que les poign\u00e9es de porte, les interrupteurs d&#8217;\u00e9clairage, les t\u00e9l\u00e9commandes, les robinets de salle de bain et de cuisine, les ustensiles, etc.<\/p>\n<p>Tout le linge fourni est lav\u00e9 \u00e0 60 \u00b0 et nous avons un syst\u00e8me de rotation pour garantir que le linge n&#8217;est pas utilis\u00e9 cons\u00e9cutivement.<\/p>\n<h3>Piscine et bain \u00e0 remous<\/h3>\n<p>La piscine est nettoy\u00e9e avant chaque visite et les chaises longues et tout autre accessoire sont d\u00e9sinfect\u00e9s en cons\u00e9quence.<\/p>\n<p>Le nettoyage quotidien de la piscine aura lieu et les produits chimiques appropri\u00e9s seront utilis\u00e9s dans la piscine pour s&#8217;assurer qu&#8217;elle est propre et pr\u00eate \u00e0 l&#8217;emploi.<\/p>\n<h3>D\u00e9part<\/h3>\n<p>\u00c0 votre d\u00e9part, nous vous demandons de laisser le g\u00eete aussi propre et rang\u00e9 que possible et de ne pas vous soucier d&#8217;un nettoyage en profondeur car nous le ferons apr\u00e8s votre d\u00e9part.<\/p>\n<h3>Des questions<\/h3>\n<p>Si vous avez des questions ou des commentaires sur l&#8217;une de nos proc\u00e9dures de nettoyage, veuillez nous en informer.<\/p>\n<p>&nbsp;<\/p>\n<h2>Liste de contr\u00f4le<\/h2>\n<h3>Chambres<\/h3>\n<ul>\n<li>Interrupteurs \/ lampes<\/li>\n<li>Prises<\/li>\n<li>Poign\u00e9es de porte \/ loquets de fen\u00eatre<\/li>\n<li>Les tables<\/li>\n<li>Cadres de lit<\/li>\n<li>Poign\u00e9es aveugles<\/li>\n<\/ul>\n<h3>Salon<\/h3>\n<ul>\n<li>Interrupteurs<\/li>\n<li>Prises<\/li>\n<li>Poign\u00e9es de porte \/ loquets de fen\u00eatre<\/li>\n<li>T\u00e9l\u00e9commandes<\/li>\n<li>Poign\u00e9es aveugles<\/li>\n<li>Accoudoirs de chaise<\/li>\n<li>Bannister<\/li>\n<\/ul>\n<h3>Salles de bain<\/h3>\n<ul>\n<li>Abattant et chasse d&#8217;eau<\/li>\n<li>Robinets pour lavabo<\/li>\n<li>Robinets pour douche \/ baignoire<\/li>\n<li>Interrupteurs<\/li>\n<li>Poign\u00e9es de porte<\/li>\n<li>Paroi \/ poign\u00e9es de douche<\/li>\n<\/ul>\n<h3>Cuisine<\/h3>\n<ul>\n<li>Interrupteurs<\/li>\n<li>Poign\u00e9es de porte<\/li>\n<li>Surface et poign\u00e9es du four<\/li>\n<li>Poign\u00e9es de r\u00e9frig\u00e9rateur \/ cong\u00e9lateur<\/li>\n<li>Lavabo et robinets<\/li>\n<li>Tous les comptoirs<\/li>\n<li>Prises<\/li>\n<li>Ustensiles et couverts<\/li>\n<\/ul>\n","protected":false},"excerpt":{"rendered":"<p>Nous suivons toutes les directives de notre office de tourisme local et les recommandations de l\u2019Organisation mondiale de la sant\u00e9 et du Minist\u00e8re fran\u00e7ais de la sant\u00e9. Arriv\u00e9e Nous vous rencontrerons avec des masques et maintiendrons la distance sociale si n\u00e9cessaire. Nous vous demandons de respecter les protocoles de distanciation sociale appropri\u00e9s pour minimiser votre &hellip; <a href=\"https:\/\/frenchfarmhouseholiday.com\/fr\/covid-19\/\" class=\"more-link\">Continue reading <span class=\"screen-reader-text\">Covid-19<\/span> <span class=\"meta-nav\">&rarr;<\/span><\/a><\/p>\n","protected":false},"author":3,"featured_media":0,"parent":0,"menu_order":0,"comment_status":"closed","ping_status":"closed","template":"","meta":{"footnotes":""},"class_list":["post-409","page","type-page","status-publish","hentry"],"_links":{"self":[{"href":"https:\/\/frenchfarmhouseholiday.com\/fr\/wp-json\/wp\/v2\/pages\/409","targetHints":{"allow":["GET"]}}],"collection":[{"href":"https:\/\/frenchfarmhouseholiday.com\/fr\/wp-json\/wp\/v2\/pages"}],"about":[{"href":"https:\/\/frenchfarmhouseholiday.com\/fr\/wp-json\/wp\/v2\/types\/page"}],"author":[{"embeddable":true,"href":"https:\/\/frenchfarmhouseholiday.com\/fr\/wp-json\/wp\/v2\/users\/3"}],"replies":[{"embeddable":true,"href":"https:\/\/frenchfarmhouseholiday.com\/fr\/wp-json\/wp\/v2\/comments?post=409"}],"version-history":[{"count":1,"href":"https:\/\/frenchfarmhouseholiday.com\/fr\/wp-json\/wp\/v2\/pages\/409\/revisions"}],"predecessor-version":[{"id":410,"href":"https:\/\/frenchfarmhouseholiday.com\/fr\/wp-json\/wp\/v2\/pages\/409\/revisions\/410"}],"wp:attachment":[{"href":"https:\/\/frenchfarmhouseholiday.com\/fr\/wp-json\/wp\/v2\/media?parent=409"}],"curies":[{"name":"wp","href":"https:\/\/api.w.org\/{rel}","templated":true}]}}